{"id":458,"date":"2025-03-04T08:43:41","date_gmt":"2025-03-04T08:43:41","guid":{"rendered":"https:\/\/kongsen.media\/services\/"},"modified":"2025-03-18T17:04:59","modified_gmt":"2025-03-18T17:04:59","slug":"services","status":"publish","type":"page","link":"https:\/\/kongsen.media\/no\/services\/","title":{"rendered":"tjenester"},"content":{"rendered":"<div class=\"fusion-fullwidth fullwidth-box fusion-builder-row-1 fusion-flex-container has-pattern-background has-mask-background nonhundred-percent-fullwidth non-hundred-percent-height-scrolling\" style=\"--awb-border-radius-top-left:0px;--awb-border-radius-top-right:0px;--awb-border-radius-bottom-right:0px;--awb-border-radius-bottom-left:0px;--awb-padding-top:100px;--awb-padding-bottom:70px;--awb-padding-top-small:80px;--awb-padding-bottom-small:50px;--awb-background-color:rgba(0,0,0,0.03);--awb-flex-wrap:wrap;\" ><div class=\"fusion-builder-row fusion-row fusion-flex-align-items-flex-start fusion-flex-content-wrap\" style=\"max-width:calc( 1300px + 30px );margin-left: calc(-30px \/ 2 );margin-right: calc(-30px \/ 2 );\"><div class=\"fusion-layout-column fusion_builder_column fusion-builder-column-0 fusion_builder_column_1_6 1_6 fusion-flex-column\" style=\"--awb-bg-size:cover;--awb-width-large:16.666666666667%;--awb-margin-top-large:0px;--awb-spacing-right-large:15px;--awb-margin-bottom-large:20px;--awb-spacing-left-large:15px;--awb-width-medium:16.666666666667%;--awb-order-medium:0;--awb-spacing-right-medium:15px;--awb-spacing-left-medium:15px;--awb-width-small:100%;--awb-order-small:0;--awb-spacing-right-small:15px;--awb-spacing-left-small:15px;\"><div class=\"fusion-column-wrapper fusion-column-has-shadow fusion-flex-justify-content-flex-start fusion-content-layout-column\"><\/div><\/div><div class=\"fusion-layout-column fusion_builder_column fusion-builder-column-1 fusion_builder_column_2_3 2_3 fusion-flex-column\" style=\"--awb-bg-size:cover;--awb-width-large:66.666666666667%;--awb-margin-top-large:0px;--awb-spacing-right-large:15px;--awb-margin-bottom-large:20px;--awb-spacing-left-large:15px;--awb-width-medium:66.666666666667%;--awb-order-medium:0;--awb-spacing-right-medium:15px;--awb-spacing-left-medium:15px;--awb-width-small:100%;--awb-order-small:0;--awb-spacing-right-small:15px;--awb-spacing-left-small:15px;\" data-scroll-devices=\"small-visibility,medium-visibility,large-visibility\"><div class=\"fusion-column-wrapper fusion-column-has-shadow fusion-flex-justify-content-flex-start fusion-content-layout-column\"><div class=\"fusion-title title fusion-title-1 fusion-sep-none fusion-title-center fusion-title-text fusion-title-size-two\"><h2 class=\"fusion-title-heading title-heading-center fusion-responsive-typography-calculated\" style=\"margin:0;--fontSize:48;line-height:var(--awb-typography1-line-height);\">V\u00e5re tjenester<\/h2><\/div><div class=\"fusion-text fusion-text-1\" style=\"--awb-content-alignment:center;\"><p>Vi sikrer at hvert design ikke bare fengsler, men ogs\u00e5 driver vekst og engasjement Fra konsept til utf\u00f8relse er m\u00e5let v\u00e5rt \u00e5 skape slagkraftige merkeopplevelser som etterlater et varig inntrykk<\/p>\n<\/div><\/div><\/div><div class=\"fusion-layout-column fusion_builder_column fusion-builder-column-2 fusion_builder_column_1_6 1_6 fusion-flex-column\" style=\"--awb-bg-size:cover;--awb-width-large:16.666666666667%;--awb-margin-top-large:0px;--awb-spacing-right-large:15px;--awb-margin-bottom-large:20px;--awb-spacing-left-large:15px;--awb-width-medium:16.666666666667%;--awb-order-medium:0;--awb-spacing-right-medium:15px;--awb-spacing-left-medium:15px;--awb-width-small:100%;--awb-order-small:0;--awb-spacing-right-small:15px;--awb-spacing-left-small:15px;\"><div class=\"fusion-column-wrapper fusion-column-has-shadow fusion-flex-justify-content-flex-start fusion-content-layout-column\"><\/div><\/div><div class=\"fusion-layout-column fusion_builder_column fusion-builder-column-3 fusion_builder_column_1_3 1_3 fusion-flex-column service_section\" style=\"--awb-overflow:hidden;--awb-bg-color:#ffffff;--awb-bg-color-hover:#ffffff;--awb-bg-position:center center;--awb-bg-size:cover;--awb-box-shadow:0px 0px 10px 0px rgba(0,0,0,0.1);;--awb-border-radius:10px 10px 10px 10px;--awb-width-large:33.333333333333%;--awb-margin-top-large:0px;--awb-spacing-right-large:15px;--awb-margin-bottom-large:30px;--awb-spacing-left-large:15px;--awb-width-medium:50%;--awb-order-medium:0;--awb-spacing-right-medium:15px;--awb-spacing-left-medium:15px;--awb-width-small:100%;--awb-order-small:0;--awb-spacing-right-small:15px;--awb-spacing-left-small:15px;\" data-scroll-devices=\"small-visibility,medium-visibility,large-visibility\"><div class=\"fusion-column-wrapper fusion-column-has-shadow fusion-flex-justify-content-flex-start fusion-content-layout-column\"><div class=\"service-content\">\n    <div class=\"entry-icon\">\n        <img decoding=\"async\" src=\"https:\/\/dev.clientdemoweb.com\/kongsenmedia\/wp-content\/uploads\/2025\/03\/video-production.png\" alt=\"Creative Directions\">\n    <\/div>\n    <h4 class=\"entry-title\"><a href=\"https:\/\/dev.clientdemoweb.com\/kongsenmedia\/video-production\/\" rel=\"bookmark\">Videoproduksjon<\/a><\/h4>\n    <div class=\"entry-bottom\">\n        <div class=\"excerpt-content\">Vi er et kreativt produksjonsselskap som spesialiserer seg p\u00e5 \u00e5 lage unike historier.<\/div>\n\t\t<div class=\"entry-btn-wrapper\">\n            <div ><a class=\"fusion-button button-flat fusion-button-default-size button-custom fusion-button-default button-1 fusion-button-default-span fusion-button-default-type round_color\" style=\"--button_accent_color:var(--awb-color8);--button_accent_hover_color:#ffffff;--button_border_hover_color:#ffffff;--button_gradient_top_color:rgba(198,165,106,0);--button_gradient_bottom_color:rgba(198,165,106,0);--button_gradient_top_color_hover:rgba(0,0,0,0);--button_gradient_bottom_color_hover:rgba(0,0,0,0);\" target=\"_self\" href=\"https:\/\/kongsen.media\/no\/video-production\/\"><span class=\"fusion-button-text\">Les mer<\/span><i class=\"fa-arrow-right fas button-icon-right\" aria-hidden=\"true\"><\/i><\/a><\/div>        <\/div>\n\t<\/div>\n<\/div><\/div><\/div><div class=\"fusion-layout-column fusion_builder_column fusion-builder-column-4 fusion_builder_column_1_3 1_3 fusion-flex-column service_section\" style=\"--awb-overflow:hidden;--awb-bg-color:#ffffff;--awb-bg-color-hover:#ffffff;--awb-bg-position:center center;--awb-bg-size:cover;--awb-box-shadow:0px 0px 10px 0px rgba(0,0,0,0.1);;--awb-border-radius:10px 10px 10px 10px;--awb-width-large:33.333333333333%;--awb-margin-top-large:0px;--awb-spacing-right-large:15px;--awb-margin-bottom-large:30px;--awb-spacing-left-large:15px;--awb-width-medium:50%;--awb-order-medium:0;--awb-spacing-right-medium:15px;--awb-spacing-left-medium:15px;--awb-width-small:100%;--awb-order-small:0;--awb-spacing-right-small:15px;--awb-spacing-left-small:15px;\" data-scroll-devices=\"small-visibility,medium-visibility,large-visibility\"><div class=\"fusion-column-wrapper fusion-column-has-shadow fusion-flex-justify-content-flex-start fusion-content-layout-column\"><div class=\"service-content\">\n    <div class=\"entry-icon\">\n        <img decoding=\"async\" src=\"https:\/\/dev.clientdemoweb.com\/kongsenmedia\/wp-content\/uploads\/2025\/03\/post-production.png\" alt=\"Creative Directions\">\n    <\/div>\n    <h4 class=\"entry-title\"><a href=\"https:\/\/dev.clientdemoweb.com\/kongsenmedia\/music-production\/\" rel=\"bookmark\">Musikkproduksjon<\/a><\/h4>\n    <div class=\"entry-bottom\">\n        <div class=\"excerpt-content\">Gj\u00f8r din musikalske visjon til live med profesjonelle musikkproduksjonstjenester.<\/div>\n\t\t<div class=\"entry-btn-wrapper\">\n            <div ><a class=\"fusion-button button-flat fusion-button-default-size button-custom fusion-button-default button-2 fusion-button-default-span fusion-button-default-type round_color\" style=\"--button_accent_color:var(--awb-color8);--button_accent_hover_color:#ffffff;--button_border_hover_color:#ffffff;--button_gradient_top_color:rgba(198,165,106,0);--button_gradient_bottom_color:rgba(198,165,106,0);--button_gradient_top_color_hover:rgba(0,0,0,0);--button_gradient_bottom_color_hover:rgba(0,0,0,0);\" target=\"_self\" href=\"https:\/\/kongsen.media\/no\/music-production\/\"><span class=\"fusion-button-text\">Les mer<\/span><i class=\"fa-arrow-right fas button-icon-right\" aria-hidden=\"true\"><\/i><\/a><\/div>        <\/div>\n\t<\/div>\n<\/div><\/div><\/div><div class=\"fusion-layout-column fusion_builder_column fusion-builder-column-5 fusion_builder_column_1_3 1_3 fusion-flex-column service_section\" style=\"--awb-overflow:hidden;--awb-bg-color:#ffffff;--awb-bg-color-hover:#ffffff;--awb-bg-position:center center;--awb-bg-size:cover;--awb-box-shadow:0px 0px 10px 0px rgba(0,0,0,0.1);;--awb-border-radius:10px 10px 10px 10px;--awb-width-large:33.333333333333%;--awb-margin-top-large:0px;--awb-spacing-right-large:15px;--awb-margin-bottom-large:30px;--awb-spacing-left-large:15px;--awb-width-medium:50%;--awb-order-medium:0;--awb-spacing-right-medium:15px;--awb-spacing-left-medium:15px;--awb-width-small:100%;--awb-order-small:0;--awb-spacing-right-small:15px;--awb-spacing-left-small:15px;\" data-scroll-devices=\"small-visibility,medium-visibility,large-visibility\"><div class=\"fusion-column-wrapper fusion-column-has-shadow fusion-flex-justify-content-flex-start fusion-content-layout-column\"><div class=\"service-content\">\n    <div class=\"entry-icon\">\n        <img decoding=\"async\" src=\"https:\/\/dev.clientdemoweb.com\/kongsenmedia\/wp-content\/uploads\/2025\/03\/studio-lighting.png\" alt=\"Creative Directions\">\n    <\/div>\n    <h4 class=\"entry-title\"><a href=\"https:\/\/dev.clientdemoweb.com\/kongsenmedia\/event-production\" rel=\"bookmark\">Event produksjon<\/a><\/h4>\n    <div class=\"entry-bottom\">\n        <div class=\"excerpt-content\">Skap uforglemmelige opplevelser med profesjonell eventproduksjon\ntjenester.<\/div>\n\t\t<div class=\"entry-btn-wrapper\">\n            <div ><a class=\"fusion-button button-flat fusion-button-default-size button-custom fusion-button-default button-3 fusion-button-default-span fusion-button-default-type round_color\" style=\"--button_accent_color:var(--awb-color8);--button_accent_hover_color:#ffffff;--button_border_hover_color:#ffffff;--button_gradient_top_color:rgba(198,165,106,0);--button_gradient_bottom_color:rgba(198,165,106,0);--button_gradient_top_color_hover:rgba(0,0,0,0);--button_gradient_bottom_color_hover:rgba(0,0,0,0);\" target=\"_self\" href=\"https:\/\/kongsen.media\/no\/event-production\/\"><span class=\"fusion-button-text\">Les mer<\/span><i class=\"fa-arrow-right fas button-icon-right\" aria-hidden=\"true\"><\/i><\/a><\/div>        <\/div>\n\t<\/div>\n<\/div><\/div><\/div><div class=\"fusion-layout-column fusion_builder_column fusion-builder-column-6 fusion_builder_column_1_3 1_3 fusion-flex-column service_section\" style=\"--awb-overflow:hidden;--awb-bg-color:#ffffff;--awb-bg-color-hover:#ffffff;--awb-bg-position:center center;--awb-bg-size:cover;--awb-box-shadow:0px 0px 10px 0px rgba(0,0,0,0.1);;--awb-border-radius:10px 10px 10px 10px;--awb-width-large:33.333333333333%;--awb-margin-top-large:0px;--awb-spacing-right-large:15px;--awb-margin-bottom-large:30px;--awb-spacing-left-large:15px;--awb-width-medium:50%;--awb-order-medium:0;--awb-spacing-right-medium:15px;--awb-spacing-left-medium:15px;--awb-width-small:100%;--awb-order-small:0;--awb-spacing-right-small:15px;--awb-spacing-left-small:15px;\" data-scroll-devices=\"small-visibility,medium-visibility,large-visibility\"><div class=\"fusion-column-wrapper fusion-column-has-shadow fusion-flex-justify-content-flex-start fusion-content-layout-column\"><div class=\"service-content\">\n    <div class=\"entry-icon\">\n        <img decoding=\"async\" src=\"https:\/\/dev.clientdemoweb.com\/kongsenmedia\/wp-content\/uploads\/2025\/03\/videography.png\" alt=\"Creative Directions\">\n    <\/div>\n    <h4 class=\"entry-title\"><a href=\"https:\/\/dev.clientdemoweb.com\/kongsenmedia\/live-streaming\/\" rel=\"bookmark\"> Live Streaming<\/a><\/h4>\n    <div class=\"entry-bottom\">\n        <div class=\"excerpt-content\">Engasjer publikum hvor som helst i verden med profesjonell livestreaming. <\/div>\n\t\t<div class=\"entry-btn-wrapper\">\n            <div ><a class=\"fusion-button button-flat fusion-button-default-size button-custom fusion-button-default button-4 fusion-button-default-span fusion-button-default-type round_color\" style=\"--button_accent_color:var(--awb-color8);--button_accent_hover_color:#ffffff;--button_border_hover_color:#ffffff;--button_gradient_top_color:rgba(198,165,106,0);--button_gradient_bottom_color:rgba(198,165,106,0);--button_gradient_top_color_hover:rgba(0,0,0,0);--button_gradient_bottom_color_hover:rgba(0,0,0,0);\" target=\"_self\" href=\"https:\/\/kongsen.media\/no\/live-streaming\/\"><span class=\"fusion-button-text\">Read More<\/span><i class=\"fa-arrow-right fas button-icon-right\" aria-hidden=\"true\"><\/i><\/a><\/div>        <\/div>\n\t<\/div>\n<\/div><\/div><\/div><\/div><\/div>\n","protected":false},"excerpt":{"rendered":"","protected":false},"author":2,"featured_media":0,"parent":0,"menu_order":0,"comment_status":"closed","ping_status":"closed","template":"100-width.php","meta":{"_acf_changed":false,"inline_featured_image":false,"footnotes":""},"class_list":["post-458","page","type-page","status-publish","hentry"],"acf":[],"_links":{"self":[{"href":"https:\/\/kongsen.media\/no\/wp-json\/wp\/v2\/pages\/458","targetHints":{"allow":["GET"]}}],"collection":[{"href":"https:\/\/kongsen.media\/no\/wp-json\/wp\/v2\/pages"}],"about":[{"href":"https:\/\/kongsen.media\/no\/wp-json\/wp\/v2\/types\/page"}],"author":[{"embeddable":true,"href":"https:\/\/kongsen.media\/no\/wp-json\/wp\/v2\/users\/2"}],"replies":[{"embeddable":true,"href":"https:\/\/kongsen.media\/no\/wp-json\/wp\/v2\/comments?post=458"}],"version-history":[{"count":6,"href":"https:\/\/kongsen.media\/no\/wp-json\/wp\/v2\/pages\/458\/revisions"}],"predecessor-version":[{"id":580,"href":"https:\/\/kongsen.media\/no\/wp-json\/wp\/v2\/pages\/458\/revisions\/580"}],"wp:attachment":[{"href":"https:\/\/kongsen.media\/no\/wp-json\/wp\/v2\/media?parent=458"}],"curies":[{"name":"wp","href":"https:\/\/api.w.org\/{rel}","templated":true}]}}