{"id":447,"date":"2025-03-04T08:44:23","date_gmt":"2025-03-04T08:44:23","guid":{"rendered":"https:\/\/kongsen.media\/live-streaming\/"},"modified":"2025-03-12T09:09:58","modified_gmt":"2025-03-12T09:09:58","slug":"live-streaming","status":"publish","type":"page","link":"https:\/\/kongsen.media\/no\/live-streaming\/","title":{"rendered":"Live Streaming"},"content":{"rendered":"<p><div class=\"fusion-fullwidth fullwidth-box fusion-builder-row-1 fusion-flex-container has-pattern-background has-mask-background nonhundred-percent-fullwidth non-hundred-percent-height-scrolling\" style=\"--awb-border-radius-top-left:0px;--awb-border-radius-top-right:0px;--awb-border-radius-bottom-right:0px;--awb-border-radius-bottom-left:0px;--awb-padding-top:80px;--awb-padding-bottom:80px;--awb-flex-wrap:wrap;\" ><div class=\"fusion-builder-row fusion-row fusion-flex-align-items-center fusion-flex-content-wrap\" style=\"max-width:1352px;margin-left: calc(-4% \/ 2 );margin-right: calc(-4% \/ 2 );\"><div class=\"fusion-layout-column fusion_builder_column fusion-builder-column-0 fusion_builder_column_1_2 1_2 fusion-flex-column\" style=\"--awb-bg-size:cover;--awb-width-large:50%;--awb-margin-top-large:0px;--awb-spacing-right-large:3.84%;--awb-margin-bottom-large:0px;--awb-spacing-left-large:3.84%;--awb-width-medium:50%;--awb-order-medium:0;--awb-spacing-right-medium:3.84%;--awb-spacing-left-medium:3.84%;--awb-width-small:100%;--awb-order-small:0;--awb-spacing-right-small:1.92%;--awb-margin-bottom-small:20px;--awb-spacing-left-small:1.92%;\" data-scroll-devices=\"small-visibility,medium-visibility,large-visibility\"><div class=\"fusion-column-wrapper fusion-column-has-shadow fusion-flex-justify-content-flex-start fusion-content-layout-column\"><div class=\"fusion-image-element \" style=\"--awb-caption-title-font-family:var(--h2_typography-font-family);--awb-caption-title-font-weight:var(--h2_typography-font-weight);--awb-caption-title-font-style:var(--h2_typography-font-style);--awb-caption-title-size:var(--h2_typography-font-size);--awb-caption-title-transform:var(--h2_typography-text-transform);--awb-caption-title-line-height:var(--h2_typography-line-height);--awb-caption-title-letter-spacing:var(--h2_typography-letter-spacing);\"><span class=\" fusion-imageframe imageframe-dropshadow imageframe-1 hover-type-none\" style=\"border-radius:10px;-webkit-box-shadow: 3px 3px 7px rgba(0,0,0,0.3);box-shadow: 3px 3px 7px rgba(0,0,0,0.3);\"><img decoding=\"async\" width=\"1920\" height=\"1081\" title=\"kongsenmedia 69\" src=\"https:\/\/kongsen.media\/wp-content\/uploads\/2025\/03\/kongsenmedia-69.jpg\" alt class=\"img-responsive wp-image-409\" srcset=\"https:\/\/kongsen.media\/wp-content\/uploads\/2025\/03\/kongsenmedia-69-200x113.jpg 200w, https:\/\/kongsen.media\/wp-content\/uploads\/2025\/03\/kongsenmedia-69-400x225.jpg 400w, https:\/\/kongsen.media\/wp-content\/uploads\/2025\/03\/kongsenmedia-69-600x338.jpg 600w, https:\/\/kongsen.media\/wp-content\/uploads\/2025\/03\/kongsenmedia-69-800x450.jpg 800w, https:\/\/kongsen.media\/wp-content\/uploads\/2025\/03\/kongsenmedia-69-1200x676.jpg 1200w, https:\/\/kongsen.media\/wp-content\/uploads\/2025\/03\/kongsenmedia-69.jpg 1920w\" sizes=\"(max-width: 640px) 100vw, 800px\" \/><\/span><\/div><\/div><\/div><div class=\"fusion-layout-column fusion_builder_column fusion-builder-column-1 fusion_builder_column_1_2 1_2 fusion-flex-column\" style=\"--awb-bg-size:cover;--awb-width-large:50%;--awb-margin-top-large:0px;--awb-spacing-right-large:3.84%;--awb-margin-bottom-large:0px;--awb-spacing-left-large:3.84%;--awb-width-medium:50%;--awb-order-medium:0;--awb-spacing-right-medium:3.84%;--awb-spacing-left-medium:3.84%;--awb-width-small:100%;--awb-order-small:0;--awb-spacing-right-small:1.92%;--awb-spacing-left-small:1.92%;\" data-scroll-devices=\"small-visibility,medium-visibility,large-visibility\"><div class=\"fusion-column-wrapper fusion-column-has-shadow fusion-flex-justify-content-flex-start fusion-content-layout-column\"><div class=\"fusion-title title fusion-title-1 fusion-sep-none fusion-title-text fusion-title-size-two\"><h2 class=\"fusion-title-heading title-heading-left fusion-responsive-typography-calculated\" style=\"margin:0;--fontSize:48;line-height:var(--awb-typography1-line-height);\">Forproduksjon<\/h2><\/div><div class=\"fusion-text fusion-text-1\"><p>Et vellykket arrangement eller produksjon starter med detaljert preproduksjon. Vi h\u00e5ndterer planlegging, logistikk og kreativ retning for \u00e5 sikre en s\u00f8ml\u00f8s utf\u00f8relse.<\/p>\n<p>Fra konseptutvikling og manusskriving til teknisk oppsett og planlegging jobber teamet v\u00e5rt tett med kundene for \u00e5 bringe deres visjon ut i livet. Vi fokuserer p\u00e5 hver eneste detalj, og sikrer at alle elementer \u2013 lys, lyd, bilder og spesialeffekter \u2013 er perfekt justert.<\/p>\n<p>Med avanserte verkt\u00f8y som 3D-visualisering, tidskodeprogrammering og scenekartlegging skaper vi oppslukende og godt koordinerte opplevelser. V\u00e5rt m\u00e5l er \u00e5 eliminere overraskelser og garantere en feilfri sluttproduksjon.<\/p>\n<\/div><\/div><\/div><\/div><\/div><div class=\"fusion-fullwidth fullwidth-box fusion-builder-row-2 fusion-flex-container has-pattern-background has-mask-background nonhundred-percent-fullwidth non-hundred-percent-height-scrolling\" style=\"--awb-border-radius-top-left:0px;--awb-border-radius-top-right:0px;--awb-border-radius-bottom-right:0px;--awb-border-radius-bottom-left:0px;--awb-padding-top:80px;--awb-padding-bottom:80px;--awb-background-color:#f7f7f7;--awb-flex-wrap:wrap;\" ><div class=\"fusion-builder-row fusion-row fusion-flex-align-items-center fusion-flex-content-wrap\" style=\"max-width:1352px;margin-left: calc(-4% \/ 2 );margin-right: calc(-4% \/ 2 );\"><div class=\"fusion-layout-column fusion_builder_column fusion-builder-column-2 fusion_builder_column_1_2 1_2 fusion-flex-column\" style=\"--awb-bg-size:cover;--awb-width-large:50%;--awb-margin-top-large:0px;--awb-spacing-right-large:3.84%;--awb-margin-bottom-large:0px;--awb-spacing-left-large:3.84%;--awb-width-medium:50%;--awb-order-medium:0;--awb-spacing-right-medium:3.84%;--awb-spacing-left-medium:3.84%;--awb-width-small:100%;--awb-order-small:2;--awb-spacing-right-small:1.92%;--awb-spacing-left-small:1.92%;\" data-scroll-devices=\"small-visibility,medium-visibility,large-visibility\"><div class=\"fusion-column-wrapper fusion-column-has-shadow fusion-flex-justify-content-flex-start fusion-content-layout-column\"><div class=\"fusion-title title fusion-title-2 fusion-sep-none fusion-title-text fusion-title-size-two\"><h2 class=\"fusion-title-heading title-heading-left fusion-responsive-typography-calculated\" style=\"margin:0;--fontSize:48;line-height:var(--awb-typography1-line-height);\">Multicam Live Stream<\/h2><\/div><div class=\"fusion-text fusion-text-2\"><p>Lever live-streaming av profesjonell kvalitet med v\u00e5rt multicam-produksjonsoppsett. Vi fanger alle vinkler med presisjon, og skaper en dynamisk og engasjerende seeropplevelse.<\/p>\n<p>Teamet v\u00e5rt bruker avanserte kameraer, live-svitsjing og s\u00f8ml\u00f8s integrasjon med str\u00f8mmeplattformer for \u00e5 sikre jevne og profesjonelle sendinger. Enten det er en konsert, konferanse eller live-arrangement, gir vi sanntidsdekning med bilde og lyd av h\u00f8y kvalitet.<\/p>\n<p>Med flere kameravinkler, grafikk og overlegg forbedrer vi seernes engasjement og sikrer at innholdet ditt ser polert og profesjonelt ut, enten det str\u00f8mmes til sosiale medier eller private plattformer.<\/p>\n<\/div><\/div><\/div><div class=\"fusion-layout-column fusion_builder_column fusion-builder-column-3 fusion_builder_column_1_2 1_2 fusion-flex-column\" style=\"--awb-bg-size:cover;--awb-width-large:50%;--awb-margin-top-large:0px;--awb-spacing-right-large:3.84%;--awb-margin-bottom-large:0px;--awb-spacing-left-large:3.84%;--awb-width-medium:50%;--awb-order-medium:0;--awb-spacing-right-medium:3.84%;--awb-spacing-left-medium:3.84%;--awb-width-small:100%;--awb-order-small:1;--awb-spacing-right-small:1.92%;--awb-margin-bottom-small:20px;--awb-spacing-left-small:1.92%;\" data-scroll-devices=\"small-visibility,medium-visibility,large-visibility\"><div class=\"fusion-column-wrapper fusion-column-has-shadow fusion-flex-justify-content-flex-start fusion-content-layout-column\"><div class=\"fusion-image-element \" style=\"--awb-caption-title-font-family:var(--h2_typography-font-family);--awb-caption-title-font-weight:var(--h2_typography-font-weight);--awb-caption-title-font-style:var(--h2_typography-font-style);--awb-caption-title-size:var(--h2_typography-font-size);--awb-caption-title-transform:var(--h2_typography-text-transform);--awb-caption-title-line-height:var(--h2_typography-line-height);--awb-caption-title-letter-spacing:var(--h2_typography-letter-spacing);\"><span class=\" fusion-imageframe imageframe-dropshadow imageframe-2 hover-type-none\" style=\"border-radius:10px;-webkit-box-shadow: 3px 3px 7px rgba(0,0,0,0.3);box-shadow: 3px 3px 7px rgba(0,0,0,0.3);\"><img decoding=\"async\" width=\"1920\" height=\"1280\" title=\"kongsenmedia\" src=\"https:\/\/kongsen.media\/wp-content\/uploads\/2025\/03\/kongsenmedia-46.jpg\" alt class=\"img-responsive wp-image-410\" srcset=\"https:\/\/kongsen.media\/wp-content\/uploads\/2025\/03\/kongsenmedia-46-200x133.jpg 200w, https:\/\/kongsen.media\/wp-content\/uploads\/2025\/03\/kongsenmedia-46-400x267.jpg 400w, https:\/\/kongsen.media\/wp-content\/uploads\/2025\/03\/kongsenmedia-46-600x400.jpg 600w, https:\/\/kongsen.media\/wp-content\/uploads\/2025\/03\/kongsenmedia-46-800x533.jpg 800w, https:\/\/kongsen.media\/wp-content\/uploads\/2025\/03\/kongsenmedia-46-1200x800.jpg 1200w, https:\/\/kongsen.media\/wp-content\/uploads\/2025\/03\/kongsenmedia-46.jpg 1920w\" sizes=\"(max-width: 640px) 100vw, 800px\" \/><\/span><\/div><\/div><\/div><\/div><\/div><div class=\"fusion-fullwidth fullwidth-box fusion-builder-row-3 fusion-flex-container has-pattern-background has-mask-background nonhundred-percent-fullwidth non-hundred-percent-height-scrolling\" style=\"--awb-border-radius-top-left:0px;--awb-border-radius-top-right:0px;--awb-border-radius-bottom-right:0px;--awb-border-radius-bottom-left:0px;--awb-padding-top:80px;--awb-padding-bottom:80px;--awb-flex-wrap:wrap;\" ><div class=\"fusion-builder-row fusion-row fusion-flex-align-items-center fusion-flex-content-wrap\" style=\"max-width:1352px;margin-left: calc(-4% \/ 2 );margin-right: calc(-4% \/ 2 );\"><div class=\"fusion-layout-column fusion_builder_column fusion-builder-column-4 fusion_builder_column_1_2 1_2 fusion-flex-column\" style=\"--awb-bg-size:cover;--awb-width-large:50%;--awb-margin-top-large:0px;--awb-spacing-right-large:3.84%;--awb-margin-bottom-large:0px;--awb-spacing-left-large:3.84%;--awb-width-medium:50%;--awb-order-medium:0;--awb-spacing-right-medium:3.84%;--awb-spacing-left-medium:3.84%;--awb-width-small:100%;--awb-order-small:0;--awb-spacing-right-small:1.92%;--awb-margin-bottom-small:20px;--awb-spacing-left-small:1.92%;\" data-scroll-devices=\"small-visibility,medium-visibility,large-visibility\"><div class=\"fusion-column-wrapper fusion-column-has-shadow fusion-flex-justify-content-flex-start fusion-content-layout-column\"><div class=\"fusion-image-element \" style=\"--awb-caption-title-font-family:var(--h2_typography-font-family);--awb-caption-title-font-weight:var(--h2_typography-font-weight);--awb-caption-title-font-style:var(--h2_typography-font-style);--awb-caption-title-size:var(--h2_typography-font-size);--awb-caption-title-transform:var(--h2_typography-text-transform);--awb-caption-title-line-height:var(--h2_typography-line-height);--awb-caption-title-letter-spacing:var(--h2_typography-letter-spacing);\"><span class=\" fusion-imageframe imageframe-dropshadow imageframe-3 hover-type-none\" style=\"border-radius:10px;-webkit-box-shadow: 3px 3px 7px rgba(0,0,0,0.3);box-shadow: 3px 3px 7px rgba(0,0,0,0.3);\"><img decoding=\"async\" width=\"1920\" height=\"1439\" title=\"kongsenmedia\" src=\"https:\/\/kongsen.media\/wp-content\/uploads\/2025\/03\/kongsenmedia-75.jpg\" alt class=\"img-responsive wp-image-411\" srcset=\"https:\/\/kongsen.media\/wp-content\/uploads\/2025\/03\/kongsenmedia-75-200x150.jpg 200w, https:\/\/kongsen.media\/wp-content\/uploads\/2025\/03\/kongsenmedia-75-400x300.jpg 400w, https:\/\/kongsen.media\/wp-content\/uploads\/2025\/03\/kongsenmedia-75-600x450.jpg 600w, https:\/\/kongsen.media\/wp-content\/uploads\/2025\/03\/kongsenmedia-75-800x600.jpg 800w, https:\/\/kongsen.media\/wp-content\/uploads\/2025\/03\/kongsenmedia-75-1200x899.jpg 1200w, https:\/\/kongsen.media\/wp-content\/uploads\/2025\/03\/kongsenmedia-75.jpg 1920w\" sizes=\"(max-width: 640px) 100vw, 800px\" \/><\/span><\/div><\/div><\/div><div class=\"fusion-layout-column fusion_builder_column fusion-builder-column-5 fusion_builder_column_1_2 1_2 fusion-flex-column\" style=\"--awb-bg-size:cover;--awb-width-large:50%;--awb-margin-top-large:0px;--awb-spacing-right-large:3.84%;--awb-margin-bottom-large:0px;--awb-spacing-left-large:3.84%;--awb-width-medium:50%;--awb-order-medium:0;--awb-spacing-right-medium:3.84%;--awb-spacing-left-medium:3.84%;--awb-width-small:100%;--awb-order-small:0;--awb-spacing-right-small:1.92%;--awb-spacing-left-small:1.92%;\" data-scroll-devices=\"small-visibility,medium-visibility,large-visibility\"><div class=\"fusion-column-wrapper fusion-column-has-shadow fusion-flex-justify-content-flex-start fusion-content-layout-column\"><div class=\"fusion-title title fusion-title-3 fusion-sep-none fusion-title-text fusion-title-size-two\"><h2 class=\"fusion-title-heading title-heading-left fusion-responsive-typography-calculated\" style=\"margin:0;--fontSize:48;line-height:var(--awb-typography1-line-height);\">Studiepoeng og titler<\/h2><\/div><div class=\"fusion-text fusion-text-3\"><p>Forbedre produksjonen din med profesjonelle kreditter og titler som gir polering og merkevarebygging. Fra \u00e5pningssekvenser til avsluttende studiepoeng designer vi jevne og visuelt tiltalende tekstelementer.<\/p>\n<p>Vi tilbyr tilpassede animasjoner, typografi og overganger som matcher produksjonens stil. Enten for film, live-arrangementer eller bedriftsvideoer, sikrer titlene v\u00e5re et eksklusivt, sammenhengende utseende.<\/p>\n<p>Ved \u00e5 bruke bevegelsesgrafikk og 3D-effekter lager vi kreditter og titler som hever historiefortelling, forsterker merkevarebygging og gir viktige produksjonsdetaljer p\u00e5 en elegant, profesjonell m\u00e5te.<\/p>\n<\/div><\/div><\/div><\/div><\/div><\/p>\n","protected":false},"excerpt":{"rendered":"","protected":false},"author":2,"featured_media":0,"parent":0,"menu_order":0,"comment_status":"closed","ping_status":"closed","template":"100-width.php","meta":{"_acf_changed":false,"inline_featured_image":false,"footnotes":""},"class_list":["post-447","page","type-page","status-publish","hentry"],"acf":[],"_links":{"self":[{"href":"https:\/\/kongsen.media\/no\/wp-json\/wp\/v2\/pages\/447","targetHints":{"allow":["GET"]}}],"collection":[{"href":"https:\/\/kongsen.media\/no\/wp-json\/wp\/v2\/pages"}],"about":[{"href":"https:\/\/kongsen.media\/no\/wp-json\/wp\/v2\/types\/page"}],"author":[{"embeddable":true,"href":"https:\/\/kongsen.media\/no\/wp-json\/wp\/v2\/users\/2"}],"replies":[{"embeddable":true,"href":"https:\/\/kongsen.media\/no\/wp-json\/wp\/v2\/comments?post=447"}],"version-history":[{"count":5,"href":"https:\/\/kongsen.media\/no\/wp-json\/wp\/v2\/pages\/447\/revisions"}],"predecessor-version":[{"id":573,"href":"https:\/\/kongsen.media\/no\/wp-json\/wp\/v2\/pages\/447\/revisions\/573"}],"wp:attachment":[{"href":"https:\/\/kongsen.media\/no\/wp-json\/wp\/v2\/media?parent=447"}],"curies":[{"name":"wp","href":"https:\/\/api.w.org\/{rel}","templated":true}]}}