{"id":444,"date":"2025-03-04T08:45:19","date_gmt":"2025-03-04T08:45:19","guid":{"rendered":"https:\/\/kongsen.media\/faq\/"},"modified":"2025-03-12T07:29:01","modified_gmt":"2025-03-12T07:29:01","slug":"faq","status":"publish","type":"page","link":"https:\/\/kongsen.media\/no\/faq\/","title":{"rendered":"FAQ"},"content":{"rendered":"<div class=\"fusion-fullwidth fullwidth-box fusion-builder-row-1 fusion-flex-container has-pattern-background has-mask-background nonhundred-percent-fullwidth non-hundred-percent-height-scrolling\" style=\"--awb-border-radius-top-left:0px;--awb-border-radius-top-right:0px;--awb-border-radius-bottom-right:0px;--awb-border-radius-bottom-left:0px;--awb-padding-top:100px;--awb-padding-bottom:75px;--awb-padding-top-small:80px;--awb-padding-bottom-small:80px;--awb-background-color:#f7f7f7;--awb-flex-wrap:wrap;\" ><div class=\"fusion-builder-row fusion-row fusion-flex-align-items-center fusion-flex-content-wrap\" style=\"max-width:calc( 1300px + 30px );margin-left: calc(-30px \/ 2 );margin-right: calc(-30px \/ 2 );\"><div class=\"fusion-layout-column fusion_builder_column fusion-builder-column-0 fusion_builder_column_1_1 1_1 fusion-flex-column\" style=\"--awb-bg-size:cover;--awb-width-large:100%;--awb-margin-top-large:0px;--awb-spacing-right-large:15px;--awb-margin-bottom-large:20px;--awb-spacing-left-large:15px;--awb-width-medium:100%;--awb-order-medium:0;--awb-spacing-right-medium:15px;--awb-spacing-left-medium:15px;--awb-width-small:100%;--awb-order-small:0;--awb-spacing-right-small:15px;--awb-spacing-left-small:15px;\"><div class=\"fusion-column-wrapper fusion-column-has-shadow fusion-flex-justify-content-flex-start fusion-content-layout-column\"><div class=\"fusion-title title fusion-title-1 fusion-sep-none fusion-title-center fusion-title-text fusion-title-size-two\"><h2 class=\"fusion-title-heading title-heading-center fusion-responsive-typography-calculated\" style=\"margin:0;--fontSize:48;line-height:var(--awb-typography1-line-height);\">Har du sp\u00f8rsm\u00e5l? Vi har svar!<\/h2><\/div><div class=\"fusion-text fusion-text-1\"><p>Raske svar p\u00e5 vanlige sp\u00f8rsm\u00e5l om produksjonsprosessen. Disse sp\u00f8rsm\u00e5lene dekker alt fra stadiene av \u00e5 lage en video eller film<\/p>\n<\/div><\/div><\/div><div class=\"fusion-layout-column fusion_builder_column fusion-builder-column-1 fusion_builder_column_1_2 1_2 fusion-flex-column\" style=\"--awb-bg-size:cover;--awb-width-large:50%;--awb-margin-top-large:0px;--awb-spacing-right-large:15px;--awb-margin-bottom-large:0px;--awb-spacing-left-large:15px;--awb-width-medium:50%;--awb-order-medium:0;--awb-spacing-right-medium:15px;--awb-spacing-left-medium:15px;--awb-width-small:100%;--awb-order-small:0;--awb-spacing-right-small:15px;--awb-spacing-left-small:15px;\" data-scroll-devices=\"small-visibility,medium-visibility,large-visibility\"><div class=\"fusion-column-wrapper fusion-column-has-shadow fusion-flex-justify-content-flex-start fusion-content-layout-column\"><div class=\"accordian fusion-accordian\" style=\"--awb-border-size:0px;--awb-icon-size:16px;--awb-content-font-size:var(--awb-typography4-font-size);--awb-icon-alignment:right;--awb-hover-color:var(--awb-color1);--awb-border-color:#e2e2e2;--awb-background-color:#ffffff;--awb-divider-color:#e2e2e2;--awb-divider-hover-color:#e2e2e2;--awb-icon-color:var(--awb-color5);--awb-content-color:var(--awb-color8);--awb-icon-box-color:#212934;--awb-toggle-hover-accent-color:var(--awb-color5);--awb-title-font-family:&quot;Saira&quot;;--awb-title-font-weight:700;--awb-title-font-style:normal;--awb-title-font-size:20px;--awb-title-letter-spacing:0px;--awb-title-line-height:30px;--awb-content-font-family:var(--awb-typography4-font-family);--awb-content-font-weight:var(--awb-typography4-font-weight);--awb-content-font-style:var(--awb-typography4-font-style);\"><div class=\"panel-group fusion-toggle-icon-right fusion-toggle-icon-unboxed\" id=\"accordion-444-1\"><div class=\"fusion-panel panel-default panel-8f3c3f2ff511b089f fusion-toggle-no-divider fusion-toggle-boxed-mode\"><div class=\"panel-heading\"><h4 class=\"panel-title toggle\" id=\"toggle_8f3c3f2ff511b089f\"><a class=\"active\" aria-expanded=\"true\" aria-controls=\"8f3c3f2ff511b089f\" role=\"button\" data-toggle=\"collapse\" data-parent=\"#accordion-444-1\" data-target=\"#8f3c3f2ff511b089f\" href=\"#8f3c3f2ff511b089f\"><span class=\"fusion-toggle-icon-wrapper\" aria-hidden=\"true\"><i class=\"fa-fusion-box active-icon fa-angle-up fas\" aria-hidden=\"true\"><\/i><i class=\"fa-fusion-box inactive-icon fa-angle-down fas\" aria-hidden=\"true\"><\/i><\/span><span class=\"fusion-toggle-heading\">Hvor lang tid tar produksjonsprosessen?<\/span><\/a><\/h4><\/div><div id=\"8f3c3f2ff511b089f\" class=\"panel-collapse collapse in\" aria-labelledby=\"toggle_8f3c3f2ff511b089f\"><div class=\"panel-body toggle-content fusion-clearfix\">Langt langt borte, bak ordet fjell, langt fra landene Vokalia og Consonantia, bor blindtekstene. Atskilt bor de i Bookmarksgrove rett ved kysten<\/div><\/div><\/div><div class=\"fusion-panel panel-default panel-c29c7f29443881601 fusion-toggle-no-divider fusion-toggle-boxed-mode\"><div class=\"panel-heading\"><h4 class=\"panel-title toggle\" id=\"toggle_c29c7f29443881601\"><a aria-expanded=\"false\" aria-controls=\"c29c7f29443881601\" role=\"button\" data-toggle=\"collapse\" data-parent=\"#accordion-444-1\" data-target=\"#c29c7f29443881601\" href=\"#c29c7f29443881601\"><span class=\"fusion-toggle-icon-wrapper\" aria-hidden=\"true\"><i class=\"fa-fusion-box active-icon fa-angle-up fas\" aria-hidden=\"true\"><\/i><i class=\"fa-fusion-box inactive-icon fa-angle-down fas\" aria-hidden=\"true\"><\/i><\/span><span class=\"fusion-toggle-heading\">Tilbyr du pakketilbud eller tilpassede priser?<\/span><\/a><\/h4><\/div><div id=\"c29c7f29443881601\" class=\"panel-collapse collapse \" aria-labelledby=\"toggle_c29c7f29443881601\"><div class=\"panel-body toggle-content fusion-clearfix\">Langt langt borte, bak ordet fjell, langt fra landene Vokalia og Consonantia, bor blindtekstene. Atskilt bor de i Bookmarksgrove rett ved kysten<\/div><\/div><\/div><div class=\"fusion-panel panel-default panel-13628bd65596a9d5d fusion-toggle-no-divider fusion-toggle-boxed-mode\"><div class=\"panel-heading\"><h4 class=\"panel-title toggle\" id=\"toggle_13628bd65596a9d5d\"><a aria-expanded=\"false\" aria-controls=\"13628bd65596a9d5d\" role=\"button\" data-toggle=\"collapse\" data-parent=\"#accordion-444-1\" data-target=\"#13628bd65596a9d5d\" href=\"#13628bd65596a9d5d\"><span class=\"fusion-toggle-icon-wrapper\" aria-hidden=\"true\"><i class=\"fa-fusion-box active-icon fa-angle-up fas\" aria-hidden=\"true\"><\/i><i class=\"fa-fusion-box inactive-icon fa-angle-down fas\" aria-hidden=\"true\"><\/i><\/span><span class=\"fusion-toggle-heading\">Kan du h\u00e5ndtere kommersielle og salgsfremmende videoprosjekter?<\/span><\/a><\/h4><\/div><div id=\"13628bd65596a9d5d\" class=\"panel-collapse collapse \" aria-labelledby=\"toggle_13628bd65596a9d5d\"><div class=\"panel-body toggle-content fusion-clearfix\">\n<p>Langt langt borte, bak ordet fjell, langt fra landene Vokalia og Consonantia, bor blindtekstene. Atskilt bor de i Bookmarksgrove rett ved kysten<\/p>\n<\/div><\/div><\/div><div class=\"fusion-panel panel-default panel-1a24b995d97bcedb3 fusion-toggle-no-divider fusion-toggle-boxed-mode\"><div class=\"panel-heading\"><h4 class=\"panel-title toggle\" id=\"toggle_1a24b995d97bcedb3\"><a aria-expanded=\"false\" aria-controls=\"1a24b995d97bcedb3\" role=\"button\" data-toggle=\"collapse\" data-parent=\"#accordion-444-1\" data-target=\"#1a24b995d97bcedb3\" href=\"#1a24b995d97bcedb3\"><span class=\"fusion-toggle-icon-wrapper\" aria-hidden=\"true\"><i class=\"fa-fusion-box active-icon fa-angle-up fas\" aria-hidden=\"true\"><\/i><i class=\"fa-fusion-box inactive-icon fa-angle-down fas\" aria-hidden=\"true\"><\/i><\/span><span class=\"fusion-toggle-heading\">Hva er din policy for revisjoner og endringer?<\/span><\/a><\/h4><\/div><div id=\"1a24b995d97bcedb3\" class=\"panel-collapse collapse \" aria-labelledby=\"toggle_1a24b995d97bcedb3\"><div class=\"panel-body toggle-content fusion-clearfix\">Langt langt borte, bak ordet fjell, langt fra landene Vokalia og Consonantia, bor blindtekstene. Atskilt bor de i Bookmarksgrove rett ved kysten<\/div><\/div><\/div><\/div><\/div><\/div><\/div><div class=\"fusion-layout-column fusion_builder_column fusion-builder-column-2 fusion_builder_column_1_2 1_2 fusion-flex-column\" style=\"--awb-bg-size:cover;--awb-width-large:50%;--awb-margin-top-large:0px;--awb-spacing-right-large:15px;--awb-margin-bottom-large:0px;--awb-spacing-left-large:15px;--awb-width-medium:50%;--awb-order-medium:0;--awb-spacing-right-medium:15px;--awb-spacing-left-medium:15px;--awb-width-small:100%;--awb-order-small:0;--awb-spacing-right-small:15px;--awb-spacing-left-small:15px;\" data-scroll-devices=\"small-visibility,medium-visibility,large-visibility\"><div class=\"fusion-column-wrapper fusion-column-has-shadow fusion-flex-justify-content-flex-start fusion-content-layout-column\"><div class=\"accordian fusion-accordian\" style=\"--awb-border-size:0px;--awb-icon-size:16px;--awb-content-font-size:var(--awb-typography4-font-size);--awb-icon-alignment:right;--awb-hover-color:var(--awb-color1);--awb-border-color:#e2e2e2;--awb-background-color:#ffffff;--awb-divider-color:#e2e2e2;--awb-divider-hover-color:#e2e2e2;--awb-icon-color:var(--awb-color5);--awb-content-color:var(--awb-color8);--awb-icon-box-color:#212934;--awb-toggle-hover-accent-color:var(--awb-color5);--awb-title-font-family:&quot;Saira&quot;;--awb-title-font-weight:700;--awb-title-font-style:normal;--awb-title-font-size:20px;--awb-title-letter-spacing:0px;--awb-title-line-height:30px;--awb-content-font-family:var(--awb-typography4-font-family);--awb-content-font-weight:var(--awb-typography4-font-weight);--awb-content-font-style:var(--awb-typography4-font-style);\"><div class=\"panel-group fusion-toggle-icon-right fusion-toggle-icon-unboxed\" id=\"accordion-444-2\"><div class=\"fusion-panel panel-default panel-08da68d1f181ab7c3 fusion-toggle-no-divider fusion-toggle-boxed-mode\"><div class=\"panel-heading\"><h4 class=\"panel-title toggle\" id=\"toggle_08da68d1f181ab7c3\"><a class=\"active\" aria-expanded=\"true\" aria-controls=\"08da68d1f181ab7c3\" role=\"button\" data-toggle=\"collapse\" data-parent=\"#accordion-444-2\" data-target=\"#08da68d1f181ab7c3\" href=\"#08da68d1f181ab7c3\"><span class=\"fusion-toggle-icon-wrapper\" aria-hidden=\"true\"><i class=\"fa-fusion-box active-icon fa-angle-up fas\" aria-hidden=\"true\"><\/i><i class=\"fa-fusion-box inactive-icon fa-angle-down fas\" aria-hidden=\"true\"><\/i><\/span><span class=\"fusion-toggle-heading\">Hvor lang tid tar produksjonsprosessen?<\/span><\/a><\/h4><\/div><div id=\"08da68d1f181ab7c3\" class=\"panel-collapse collapse in\" aria-labelledby=\"toggle_08da68d1f181ab7c3\"><div class=\"panel-body toggle-content fusion-clearfix\">Langt langt borte, bak ordet fjell, langt fra landene Vokalia og Consonantia, bor blindtekstene. Atskilt bor de i Bookmarksgrove rett ved kysten<\/div><\/div><\/div><div class=\"fusion-panel panel-default panel-e2db54c58f41405ab fusion-toggle-no-divider fusion-toggle-boxed-mode\"><div class=\"panel-heading\"><h4 class=\"panel-title toggle\" id=\"toggle_e2db54c58f41405ab\"><a aria-expanded=\"false\" aria-controls=\"e2db54c58f41405ab\" role=\"button\" data-toggle=\"collapse\" data-parent=\"#accordion-444-2\" data-target=\"#e2db54c58f41405ab\" href=\"#e2db54c58f41405ab\"><span class=\"fusion-toggle-icon-wrapper\" aria-hidden=\"true\"><i class=\"fa-fusion-box active-icon fa-angle-up fas\" aria-hidden=\"true\"><\/i><i class=\"fa-fusion-box inactive-icon fa-angle-down fas\" aria-hidden=\"true\"><\/i><\/span><span class=\"fusion-toggle-heading\">Tilbyr du pakketilbud eller tilpassede priser?<\/span><\/a><\/h4><\/div><div id=\"e2db54c58f41405ab\" class=\"panel-collapse collapse \" aria-labelledby=\"toggle_e2db54c58f41405ab\"><div class=\"panel-body toggle-content fusion-clearfix\">Langt langt borte, bak ordet fjell, langt fra landene Vokalia og Consonantia, bor blindtekstene. Atskilt bor de i Bookmarksgrove rett ved kysten<\/div><\/div><\/div><div class=\"fusion-panel panel-default panel-6bd64da57a5f1e283 fusion-toggle-no-divider fusion-toggle-boxed-mode\"><div class=\"panel-heading\"><h4 class=\"panel-title toggle\" id=\"toggle_6bd64da57a5f1e283\"><a aria-expanded=\"false\" aria-controls=\"6bd64da57a5f1e283\" role=\"button\" data-toggle=\"collapse\" data-parent=\"#accordion-444-2\" data-target=\"#6bd64da57a5f1e283\" href=\"#6bd64da57a5f1e283\"><span class=\"fusion-toggle-icon-wrapper\" aria-hidden=\"true\"><i class=\"fa-fusion-box active-icon fa-angle-up fas\" aria-hidden=\"true\"><\/i><i class=\"fa-fusion-box inactive-icon fa-angle-down fas\" aria-hidden=\"true\"><\/i><\/span><span class=\"fusion-toggle-heading\">Kan du h\u00e5ndtere kommersielle og salgsfremmende videoprosjekter?<\/span><\/a><\/h4><\/div><div id=\"6bd64da57a5f1e283\" class=\"panel-collapse collapse \" aria-labelledby=\"toggle_6bd64da57a5f1e283\"><div class=\"panel-body toggle-content fusion-clearfix\">\n<p>Langt langt borte, bak ordet fjell, langt fra landene Vokalia og Consonantia, bor blindtekstene. Atskilt bor de i Bookmarksgrove rett ved kysten<\/p>\n<\/div><\/div><\/div><div class=\"fusion-panel panel-default panel-df2b25857ac6ce163 fusion-toggle-no-divider fusion-toggle-boxed-mode\"><div class=\"panel-heading\"><h4 class=\"panel-title toggle\" id=\"toggle_df2b25857ac6ce163\"><a aria-expanded=\"false\" aria-controls=\"df2b25857ac6ce163\" role=\"button\" data-toggle=\"collapse\" data-parent=\"#accordion-444-2\" data-target=\"#df2b25857ac6ce163\" href=\"#df2b25857ac6ce163\"><span class=\"fusion-toggle-icon-wrapper\" aria-hidden=\"true\"><i class=\"fa-fusion-box active-icon fa-angle-up fas\" aria-hidden=\"true\"><\/i><i class=\"fa-fusion-box inactive-icon fa-angle-down fas\" aria-hidden=\"true\"><\/i><\/span><span class=\"fusion-toggle-heading\">Hva er din policy for revisjoner og endringer?<\/span><\/a><\/h4><\/div><div id=\"df2b25857ac6ce163\" class=\"panel-collapse collapse \" aria-labelledby=\"toggle_df2b25857ac6ce163\"><div class=\"panel-body toggle-content fusion-clearfix\">Langt langt borte, bak ordet fjell, langt fra landene Vokalia og Consonantia, bor blindtekstene. Atskilt bor de i Bookmarksgrove rett ved kysten<\/div><\/div><\/div><\/div><\/div><\/div><\/div><\/div><\/div>\n","protected":false},"excerpt":{"rendered":"","protected":false},"author":2,"featured_media":0,"parent":0,"menu_order":0,"comment_status":"closed","ping_status":"closed","template":"100-width.php","meta":{"_acf_changed":false,"inline_featured_image":false,"footnotes":""},"class_list":["post-444","page","type-page","status-publish","hentry"],"acf":[],"_links":{"self":[{"href":"https:\/\/kongsen.media\/no\/wp-json\/wp\/v2\/pages\/444","targetHints":{"allow":["GET"]}}],"collection":[{"href":"https:\/\/kongsen.media\/no\/wp-json\/wp\/v2\/pages"}],"about":[{"href":"https:\/\/kongsen.media\/no\/wp-json\/wp\/v2\/types\/page"}],"author":[{"embeddable":true,"href":"https:\/\/kongsen.media\/no\/wp-json\/wp\/v2\/users\/2"}],"replies":[{"embeddable":true,"href":"https:\/\/kongsen.media\/no\/wp-json\/wp\/v2\/comments?post=444"}],"version-history":[{"count":4,"href":"https:\/\/kongsen.media\/no\/wp-json\/wp\/v2\/pages\/444\/revisions"}],"predecessor-version":[{"id":545,"href":"https:\/\/kongsen.media\/no\/wp-json\/wp\/v2\/pages\/444\/revisions\/545"}],"wp:attachment":[{"href":"https:\/\/kongsen.media\/no\/wp-json\/wp\/v2\/media?parent=444"}],"curies":[{"name":"wp","href":"https:\/\/api.w.org\/{rel}","templated":true}]}}