{"id":440,"date":"2025-03-04T08:44:10","date_gmt":"2025-03-04T08:44:10","guid":{"rendered":"https:\/\/kongsen.media\/event-production\/"},"modified":"2025-03-12T09:07:57","modified_gmt":"2025-03-12T09:07:57","slug":"event-production","status":"publish","type":"page","link":"https:\/\/kongsen.media\/no\/event-production\/","title":{"rendered":"Event produksjon"},"content":{"rendered":"<p><div class=\"fusion-fullwidth fullwidth-box fusion-builder-row-1 fusion-flex-container has-pattern-background has-mask-background nonhundred-percent-fullwidth non-hundred-percent-height-scrolling\" style=\"--awb-border-radius-top-left:0px;--awb-border-radius-top-right:0px;--awb-border-radius-bottom-right:0px;--awb-border-radius-bottom-left:0px;--awb-padding-top:80px;--awb-padding-bottom:80px;--awb-flex-wrap:wrap;\" ><div class=\"fusion-builder-row fusion-row fusion-flex-align-items-center fusion-flex-content-wrap\" style=\"max-width:1352px;margin-left: calc(-4% \/ 2 );margin-right: calc(-4% \/ 2 );\"><div class=\"fusion-layout-column fusion_builder_column fusion-builder-column-0 fusion_builder_column_1_2 1_2 fusion-flex-column\" style=\"--awb-bg-size:cover;--awb-width-large:50%;--awb-margin-top-large:0px;--awb-spacing-right-large:3.84%;--awb-margin-bottom-large:0px;--awb-spacing-left-large:3.84%;--awb-width-medium:50%;--awb-order-medium:0;--awb-spacing-right-medium:3.84%;--awb-spacing-left-medium:3.84%;--awb-width-small:100%;--awb-order-small:0;--awb-spacing-right-small:1.92%;--awb-margin-bottom-small:20px;--awb-spacing-left-small:1.92%;\" data-scroll-devices=\"small-visibility,medium-visibility,large-visibility\"><div class=\"fusion-column-wrapper fusion-column-has-shadow fusion-flex-justify-content-flex-start fusion-content-layout-column\"><div class=\"fusion-image-element \" style=\"--awb-caption-title-font-family:var(--h2_typography-font-family);--awb-caption-title-font-weight:var(--h2_typography-font-weight);--awb-caption-title-font-style:var(--h2_typography-font-style);--awb-caption-title-size:var(--h2_typography-font-size);--awb-caption-title-transform:var(--h2_typography-text-transform);--awb-caption-title-line-height:var(--h2_typography-line-height);--awb-caption-title-letter-spacing:var(--h2_typography-letter-spacing);\"><span class=\" fusion-imageframe imageframe-dropshadow imageframe-1 hover-type-none\" style=\"border-radius:10px;-webkit-box-shadow: 3px 3px 7px rgba(0,0,0,0.3);box-shadow: 3px 3px 7px rgba(0,0,0,0.3);\"><img decoding=\"async\" width=\"1920\" height=\"1081\" title=\"kongsenmedia\" src=\"https:\/\/kongsen.media\/wp-content\/uploads\/2025\/03\/kongsenmedia-67.jpg\" alt class=\"img-responsive wp-image-405\" srcset=\"https:\/\/kongsen.media\/wp-content\/uploads\/2025\/03\/kongsenmedia-67-200x113.jpg 200w, https:\/\/kongsen.media\/wp-content\/uploads\/2025\/03\/kongsenmedia-67-400x225.jpg 400w, https:\/\/kongsen.media\/wp-content\/uploads\/2025\/03\/kongsenmedia-67-600x338.jpg 600w, https:\/\/kongsen.media\/wp-content\/uploads\/2025\/03\/kongsenmedia-67-800x450.jpg 800w, https:\/\/kongsen.media\/wp-content\/uploads\/2025\/03\/kongsenmedia-67-1200x676.jpg 1200w, https:\/\/kongsen.media\/wp-content\/uploads\/2025\/03\/kongsenmedia-67.jpg 1920w\" sizes=\"(max-width: 640px) 100vw, 800px\" \/><\/span><\/div><\/div><\/div><div class=\"fusion-layout-column fusion_builder_column fusion-builder-column-1 fusion_builder_column_1_2 1_2 fusion-flex-column\" style=\"--awb-bg-size:cover;--awb-width-large:50%;--awb-margin-top-large:0px;--awb-spacing-right-large:3.84%;--awb-margin-bottom-large:0px;--awb-spacing-left-large:3.84%;--awb-width-medium:50%;--awb-order-medium:0;--awb-spacing-right-medium:3.84%;--awb-spacing-left-medium:3.84%;--awb-width-small:100%;--awb-order-small:0;--awb-spacing-right-small:1.92%;--awb-spacing-left-small:1.92%;\" data-scroll-devices=\"small-visibility,medium-visibility,large-visibility\"><div class=\"fusion-column-wrapper fusion-column-has-shadow fusion-flex-justify-content-flex-start fusion-content-layout-column\"><div class=\"fusion-title title fusion-title-1 fusion-sep-none fusion-title-text fusion-title-size-two\"><h2 class=\"fusion-title-heading title-heading-left fusion-responsive-typography-calculated\" style=\"margin:0;--fontSize:48;line-height:var(--awb-typography1-line-height);\">Lyd<\/h2><\/div><div class=\"fusion-text fusion-text-1\"><p>Lever krystallklar lyd med profesjonelle lydl\u00f8sninger for enhver begivenhet. V\u00e5re h\u00f8ykvalitets lydsystemer s\u00f8rger for at hvert ord, tone og beat blir h\u00f8rt med presisjon.<\/p>\n<p>Fra konserter og firmaarrangementer til festivaler og direktesendinger tilbyr vi ekspert lydteknikk og toppmoderne utstyr for \u00e5 skape en oppslukende lydopplevelse.<\/p>\n<p>Teamet v\u00e5rt spesialiserer seg p\u00e5 live-miksing, multi-h\u00f8yttaleroppsett og tilpasset lyddesign, som sikrer s\u00f8ml\u00f8s dekning for ethvert sted. Enten det er en intim sammenkomst eller en storstilt produksjon, leverer vi feilfri lydkvalitet.<\/p>\n<\/div><\/div><\/div><\/div><\/div><div class=\"fusion-fullwidth fullwidth-box fusion-builder-row-2 fusion-flex-container has-pattern-background has-mask-background nonhundred-percent-fullwidth non-hundred-percent-height-scrolling\" style=\"--awb-border-radius-top-left:0px;--awb-border-radius-top-right:0px;--awb-border-radius-bottom-right:0px;--awb-border-radius-bottom-left:0px;--awb-padding-top:80px;--awb-padding-bottom:80px;--awb-background-color:#f7f7f7;--awb-flex-wrap:wrap;\" ><div class=\"fusion-builder-row fusion-row fusion-flex-align-items-center fusion-flex-content-wrap\" style=\"max-width:1352px;margin-left: calc(-4% \/ 2 );margin-right: calc(-4% \/ 2 );\"><div class=\"fusion-layout-column fusion_builder_column fusion-builder-column-2 fusion_builder_column_1_2 1_2 fusion-flex-column\" style=\"--awb-bg-size:cover;--awb-width-large:50%;--awb-margin-top-large:0px;--awb-spacing-right-large:3.84%;--awb-margin-bottom-large:0px;--awb-spacing-left-large:3.84%;--awb-width-medium:50%;--awb-order-medium:0;--awb-spacing-right-medium:3.84%;--awb-spacing-left-medium:3.84%;--awb-width-small:100%;--awb-order-small:2;--awb-spacing-right-small:1.92%;--awb-spacing-left-small:1.92%;\" data-scroll-devices=\"small-visibility,medium-visibility,large-visibility\"><div class=\"fusion-column-wrapper fusion-column-has-shadow fusion-flex-justify-content-flex-start fusion-content-layout-column\"><div class=\"fusion-title title fusion-title-2 fusion-sep-none fusion-title-text fusion-title-size-two\"><h2 class=\"fusion-title-heading title-heading-left fusion-responsive-typography-calculated\" style=\"margin:0;--fontSize:48;line-height:var(--awb-typography1-line-height);\">Belysning<\/h2><\/div><div class=\"fusion-text fusion-text-2\"><p>Forvandle enhver begivenhet med dynamisk belysning som forbedrer atmosf\u00e6ren og effekten. V\u00e5re banebrytende belysningsl\u00f8sninger skaper oppslukende opplevelser skreddersydd for din visjon.<\/p>\n<p>Vi tilbyr scenebelysning, arkitektonisk belysning og spesialeffekter, som sikrer den perfekte balansen mellom lysstyrke, farge og bevegelse. Fra konserter og teaterproduksjoner til firmaarrangementer, vi bringer kreativitet til ethvert oppsett.<\/p>\n<p>Ved \u00e5 bruke intelligent belysning, bevegelige hoder og LED-armaturer, designer vi skreddersydde l\u00f8sninger som synkroniserer med musikk, bilder og forestillinger, noe som gj\u00f8r arrangementet ditt virkelig uforglemmelig.<\/p>\n<\/div><\/div><\/div><div class=\"fusion-layout-column fusion_builder_column fusion-builder-column-3 fusion_builder_column_1_2 1_2 fusion-flex-column\" style=\"--awb-bg-size:cover;--awb-width-large:50%;--awb-margin-top-large:0px;--awb-spacing-right-large:3.84%;--awb-margin-bottom-large:0px;--awb-spacing-left-large:3.84%;--awb-width-medium:50%;--awb-order-medium:0;--awb-spacing-right-medium:3.84%;--awb-spacing-left-medium:3.84%;--awb-width-small:100%;--awb-order-small:1;--awb-spacing-right-small:1.92%;--awb-margin-bottom-small:20px;--awb-spacing-left-small:1.92%;\" data-scroll-devices=\"small-visibility,medium-visibility,large-visibility\"><div class=\"fusion-column-wrapper fusion-column-has-shadow fusion-flex-justify-content-flex-start fusion-content-layout-column\"><div class=\"fusion-image-element \" style=\"--awb-caption-title-font-family:var(--h2_typography-font-family);--awb-caption-title-font-weight:var(--h2_typography-font-weight);--awb-caption-title-font-style:var(--h2_typography-font-style);--awb-caption-title-size:var(--h2_typography-font-size);--awb-caption-title-transform:var(--h2_typography-text-transform);--awb-caption-title-line-height:var(--h2_typography-line-height);--awb-caption-title-letter-spacing:var(--h2_typography-letter-spacing);\"><span class=\" fusion-imageframe imageframe-dropshadow imageframe-2 hover-type-none\" style=\"border-radius:10px;-webkit-box-shadow: 3px 3px 7px rgba(0,0,0,0.3);box-shadow: 3px 3px 7px rgba(0,0,0,0.3);\"><img decoding=\"async\" width=\"1920\" height=\"1439\" title=\"kongsenmedia\" src=\"https:\/\/kongsen.media\/wp-content\/uploads\/2025\/03\/kongsenmedia-65.jpg\" alt class=\"img-responsive wp-image-406\" srcset=\"https:\/\/kongsen.media\/wp-content\/uploads\/2025\/03\/kongsenmedia-65-200x150.jpg 200w, https:\/\/kongsen.media\/wp-content\/uploads\/2025\/03\/kongsenmedia-65-400x300.jpg 400w, https:\/\/kongsen.media\/wp-content\/uploads\/2025\/03\/kongsenmedia-65-600x450.jpg 600w, https:\/\/kongsen.media\/wp-content\/uploads\/2025\/03\/kongsenmedia-65-800x600.jpg 800w, https:\/\/kongsen.media\/wp-content\/uploads\/2025\/03\/kongsenmedia-65-1200x899.jpg 1200w, https:\/\/kongsen.media\/wp-content\/uploads\/2025\/03\/kongsenmedia-65.jpg 1920w\" sizes=\"(max-width: 640px) 100vw, 800px\" \/><\/span><\/div><\/div><\/div><\/div><\/div><div class=\"fusion-fullwidth fullwidth-box fusion-builder-row-3 fusion-flex-container has-pattern-background has-mask-background nonhundred-percent-fullwidth non-hundred-percent-height-scrolling\" style=\"--awb-border-radius-top-left:0px;--awb-border-radius-top-right:0px;--awb-border-radius-bottom-right:0px;--awb-border-radius-bottom-left:0px;--awb-padding-top:80px;--awb-padding-bottom:80px;--awb-flex-wrap:wrap;\" ><div class=\"fusion-builder-row fusion-row fusion-flex-align-items-center fusion-flex-content-wrap\" style=\"max-width:1352px;margin-left: calc(-4% \/ 2 );margin-right: calc(-4% \/ 2 );\"><div class=\"fusion-layout-column fusion_builder_column fusion-builder-column-4 fusion_builder_column_1_2 1_2 fusion-flex-column\" style=\"--awb-bg-size:cover;--awb-width-large:50%;--awb-margin-top-large:0px;--awb-spacing-right-large:3.84%;--awb-margin-bottom-large:0px;--awb-spacing-left-large:3.84%;--awb-width-medium:50%;--awb-order-medium:0;--awb-spacing-right-medium:3.84%;--awb-spacing-left-medium:3.84%;--awb-width-small:100%;--awb-order-small:0;--awb-spacing-right-small:1.92%;--awb-margin-bottom-small:20px;--awb-spacing-left-small:1.92%;\" data-scroll-devices=\"small-visibility,medium-visibility,large-visibility\"><div class=\"fusion-column-wrapper fusion-column-has-shadow fusion-flex-justify-content-flex-start fusion-content-layout-column\"><div class=\"fusion-image-element \" style=\"--awb-caption-title-font-family:var(--h2_typography-font-family);--awb-caption-title-font-weight:var(--h2_typography-font-weight);--awb-caption-title-font-style:var(--h2_typography-font-style);--awb-caption-title-size:var(--h2_typography-font-size);--awb-caption-title-transform:var(--h2_typography-text-transform);--awb-caption-title-line-height:var(--h2_typography-line-height);--awb-caption-title-letter-spacing:var(--h2_typography-letter-spacing);\"><span class=\" fusion-imageframe imageframe-dropshadow imageframe-3 hover-type-none\" style=\"border-radius:10px;-webkit-box-shadow: 3px 3px 7px rgba(0,0,0,0.3);box-shadow: 3px 3px 7px rgba(0,0,0,0.3);\"><img decoding=\"async\" width=\"1920\" height=\"1439\" title=\"kongsenmedia\" src=\"https:\/\/kongsen.media\/wp-content\/uploads\/2025\/03\/kongsenmedia-57.jpg\" alt class=\"img-responsive wp-image-397\" srcset=\"https:\/\/kongsen.media\/wp-content\/uploads\/2025\/03\/kongsenmedia-57-200x150.jpg 200w, https:\/\/kongsen.media\/wp-content\/uploads\/2025\/03\/kongsenmedia-57-400x300.jpg 400w, https:\/\/kongsen.media\/wp-content\/uploads\/2025\/03\/kongsenmedia-57-600x450.jpg 600w, https:\/\/kongsen.media\/wp-content\/uploads\/2025\/03\/kongsenmedia-57-800x600.jpg 800w, https:\/\/kongsen.media\/wp-content\/uploads\/2025\/03\/kongsenmedia-57-1200x899.jpg 1200w, https:\/\/kongsen.media\/wp-content\/uploads\/2025\/03\/kongsenmedia-57.jpg 1920w\" sizes=\"(max-width: 640px) 100vw, 800px\" \/><\/span><\/div><\/div><\/div><div class=\"fusion-layout-column fusion_builder_column fusion-builder-column-5 fusion_builder_column_1_2 1_2 fusion-flex-column\" style=\"--awb-bg-size:cover;--awb-width-large:50%;--awb-margin-top-large:0px;--awb-spacing-right-large:3.84%;--awb-margin-bottom-large:0px;--awb-spacing-left-large:3.84%;--awb-width-medium:50%;--awb-order-medium:0;--awb-spacing-right-medium:3.84%;--awb-spacing-left-medium:3.84%;--awb-width-small:100%;--awb-order-small:0;--awb-spacing-right-small:1.92%;--awb-spacing-left-small:1.92%;\" data-scroll-devices=\"small-visibility,medium-visibility,large-visibility\"><div class=\"fusion-column-wrapper fusion-column-has-shadow fusion-flex-justify-content-flex-start fusion-content-layout-column\"><div class=\"fusion-title title fusion-title-3 fusion-sep-none fusion-title-text fusion-title-size-two\"><h2 class=\"fusion-title-heading title-heading-left fusion-responsive-typography-calculated\" style=\"margin:0;--fontSize:48;line-height:var(--awb-typography1-line-height);\">LED-skjerm<\/h2><\/div><div class=\"fusion-text fusion-text-3\"><p>Forbedre visuell historiefortelling med h\u00f8yoppl\u00f8selige LED-skjermer som fengsler publikum. LED-skjermene v\u00e5re gir fantastisk klarhet for live-arrangementer, konserter og bedriftspresentasjoner.<\/p>\n<p>Vi tilbyr fleksible skjermkonfigurasjoner, inkludert innend\u00f8rs og utend\u00f8rs oppsett, buede skjermer og store videovegger, som sikrer maksimal effekt i alle omgivelser.<\/p>\n<p>Med s\u00f8ml\u00f8s integrasjon og ekspertinnholdsadministrasjon skaper vi engasjerende visuelle opplevelser som komplementerer lys og lyd, og l\u00f8fter produksjonen din til neste niv\u00e5.<\/p>\n<\/div><\/div><\/div><\/div><\/div><div class=\"fusion-fullwidth fullwidth-box fusion-builder-row-4 fusion-flex-container has-pattern-background has-mask-background nonhundred-percent-fullwidth non-hundred-percent-height-scrolling\" style=\"--awb-border-radius-top-left:0px;--awb-border-radius-top-right:0px;--awb-border-radius-bottom-right:0px;--awb-border-radius-bottom-left:0px;--awb-padding-top:80px;--awb-padding-bottom:80px;--awb-background-color:#f7f7f7;--awb-flex-wrap:wrap;\" ><div class=\"fusion-builder-row fusion-row fusion-flex-align-items-center fusion-flex-content-wrap\" style=\"max-width:1352px;margin-left: calc(-4% \/ 2 );margin-right: calc(-4% \/ 2 );\"><div class=\"fusion-layout-column fusion_builder_column fusion-builder-column-6 fusion_builder_column_1_2 1_2 fusion-flex-column\" style=\"--awb-bg-size:cover;--awb-width-large:50%;--awb-margin-top-large:0px;--awb-spacing-right-large:3.84%;--awb-margin-bottom-large:0px;--awb-spacing-left-large:3.84%;--awb-width-medium:50%;--awb-order-medium:0;--awb-spacing-right-medium:3.84%;--awb-spacing-left-medium:3.84%;--awb-width-small:100%;--awb-order-small:2;--awb-spacing-right-small:1.92%;--awb-spacing-left-small:1.92%;\" data-scroll-devices=\"small-visibility,medium-visibility,large-visibility\"><div class=\"fusion-column-wrapper fusion-column-has-shadow fusion-flex-justify-content-flex-start fusion-content-layout-column\"><div class=\"fusion-title title fusion-title-4 fusion-sep-none fusion-title-text fusion-title-size-two\"><h2 class=\"fusion-title-heading title-heading-left fusion-responsive-typography-calculated\" style=\"margin:0;--fontSize:48;line-height:var(--awb-typography1-line-height);\">Vis design<\/h2><\/div><div class=\"fusion-text fusion-text-4\"><p>Gj\u00f8r den kreative visjonen din til live med ekspertutstillingsdesign og pre-produksjonsplanlegging. Vi h\u00e5ndterer alt fra konseptutvikling til teknisk utf\u00f8relse, for \u00e5 sikre et feilfritt arrangement.<\/p>\n<p>Ved \u00e5 bruke avansert tidskodesynkronisering, automatiserte lyssignaler og presisjonsplanlegging skaper vi sammenhengende ytelser med h\u00f8y energi som g\u00e5r s\u00f8ml\u00f8st fra start til slutt.<\/p>\n<p>Teamet v\u00e5rt samarbeider tett med artister, arrangementsarrang\u00f8rer og tekniske mannskaper for \u00e5 designe oppslukende opplevelser med perfekt timing, imponerende bilder og synkroniserte effekter.<\/p>\n<\/div><\/div><\/div><div class=\"fusion-layout-column fusion_builder_column fusion-builder-column-7 fusion_builder_column_1_2 1_2 fusion-flex-column\" style=\"--awb-bg-size:cover;--awb-width-large:50%;--awb-margin-top-large:0px;--awb-spacing-right-large:3.84%;--awb-margin-bottom-large:0px;--awb-spacing-left-large:3.84%;--awb-width-medium:50%;--awb-order-medium:0;--awb-spacing-right-medium:3.84%;--awb-spacing-left-medium:3.84%;--awb-width-small:100%;--awb-order-small:1;--awb-spacing-right-small:1.92%;--awb-margin-bottom-small:20px;--awb-spacing-left-small:1.92%;\" data-scroll-devices=\"small-visibility,medium-visibility,large-visibility\"><div class=\"fusion-column-wrapper fusion-column-has-shadow fusion-flex-justify-content-flex-start fusion-content-layout-column\"><div class=\"fusion-image-element \" style=\"--awb-caption-title-font-family:var(--h2_typography-font-family);--awb-caption-title-font-weight:var(--h2_typography-font-weight);--awb-caption-title-font-style:var(--h2_typography-font-style);--awb-caption-title-size:var(--h2_typography-font-size);--awb-caption-title-transform:var(--h2_typography-text-transform);--awb-caption-title-line-height:var(--h2_typography-line-height);--awb-caption-title-letter-spacing:var(--h2_typography-letter-spacing);\"><span class=\" fusion-imageframe imageframe-dropshadow imageframe-4 hover-type-none\" style=\"border-radius:10px;-webkit-box-shadow: 3px 3px 7px rgba(0,0,0,0.3);box-shadow: 3px 3px 7px rgba(0,0,0,0.3);\"><img decoding=\"async\" width=\"1920\" height=\"1280\" title=\"kongsenmedia\" src=\"https:\/\/kongsen.media\/wp-content\/uploads\/2025\/03\/kongsenmedia-26.jpg\" alt class=\"img-responsive wp-image-407\" srcset=\"https:\/\/kongsen.media\/wp-content\/uploads\/2025\/03\/kongsenmedia-26-200x133.jpg 200w, https:\/\/kongsen.media\/wp-content\/uploads\/2025\/03\/kongsenmedia-26-400x267.jpg 400w, https:\/\/kongsen.media\/wp-content\/uploads\/2025\/03\/kongsenmedia-26-600x400.jpg 600w, https:\/\/kongsen.media\/wp-content\/uploads\/2025\/03\/kongsenmedia-26-800x533.jpg 800w, https:\/\/kongsen.media\/wp-content\/uploads\/2025\/03\/kongsenmedia-26-1200x800.jpg 1200w, https:\/\/kongsen.media\/wp-content\/uploads\/2025\/03\/kongsenmedia-26.jpg 1920w\" sizes=\"(max-width: 640px) 100vw, 800px\" \/><\/span><\/div><\/div><\/div><\/div><\/div><div class=\"fusion-fullwidth fullwidth-box fusion-builder-row-5 fusion-flex-container has-pattern-background has-mask-background nonhundred-percent-fullwidth non-hundred-percent-height-scrolling\" style=\"--awb-border-radius-top-left:0px;--awb-border-radius-top-right:0px;--awb-border-radius-bottom-right:0px;--awb-border-radius-bottom-left:0px;--awb-padding-top:80px;--awb-padding-bottom:80px;--awb-flex-wrap:wrap;\" ><div class=\"fusion-builder-row fusion-row fusion-flex-align-items-center fusion-flex-content-wrap\" style=\"max-width:1352px;margin-left: calc(-4% \/ 2 );margin-right: calc(-4% \/ 2 );\"><div class=\"fusion-layout-column fusion_builder_column fusion-builder-column-8 fusion_builder_column_1_2 1_2 fusion-flex-column\" style=\"--awb-bg-size:cover;--awb-width-large:50%;--awb-margin-top-large:0px;--awb-spacing-right-large:3.84%;--awb-margin-bottom-large:0px;--awb-spacing-left-large:3.84%;--awb-width-medium:50%;--awb-order-medium:0;--awb-spacing-right-medium:3.84%;--awb-spacing-left-medium:3.84%;--awb-width-small:100%;--awb-order-small:0;--awb-spacing-right-small:1.92%;--awb-margin-bottom-small:20px;--awb-spacing-left-small:1.92%;\" data-scroll-devices=\"small-visibility,medium-visibility,large-visibility\"><div class=\"fusion-column-wrapper fusion-column-has-shadow fusion-flex-justify-content-flex-start fusion-content-layout-column\"><div class=\"fusion-image-element \" style=\"--awb-caption-title-font-family:var(--h2_typography-font-family);--awb-caption-title-font-weight:var(--h2_typography-font-weight);--awb-caption-title-font-style:var(--h2_typography-font-style);--awb-caption-title-size:var(--h2_typography-font-size);--awb-caption-title-transform:var(--h2_typography-text-transform);--awb-caption-title-line-height:var(--h2_typography-line-height);--awb-caption-title-letter-spacing:var(--h2_typography-letter-spacing);\"><span class=\" fusion-imageframe imageframe-dropshadow imageframe-5 hover-type-none\" style=\"border-radius:10px;-webkit-box-shadow: 3px 3px 7px rgba(0,0,0,0.3);box-shadow: 3px 3px 7px rgba(0,0,0,0.3);\"><img decoding=\"async\" width=\"1920\" height=\"1081\" title=\"kongsenmedia\" src=\"https:\/\/kongsen.media\/wp-content\/uploads\/2025\/03\/kongsenmedia-61.jpg\" alt class=\"img-responsive wp-image-408\" srcset=\"https:\/\/kongsen.media\/wp-content\/uploads\/2025\/03\/kongsenmedia-61-200x113.jpg 200w, https:\/\/kongsen.media\/wp-content\/uploads\/2025\/03\/kongsenmedia-61-400x225.jpg 400w, https:\/\/kongsen.media\/wp-content\/uploads\/2025\/03\/kongsenmedia-61-600x338.jpg 600w, https:\/\/kongsen.media\/wp-content\/uploads\/2025\/03\/kongsenmedia-61-800x450.jpg 800w, https:\/\/kongsen.media\/wp-content\/uploads\/2025\/03\/kongsenmedia-61-1200x676.jpg 1200w, https:\/\/kongsen.media\/wp-content\/uploads\/2025\/03\/kongsenmedia-61.jpg 1920w\" sizes=\"(max-width: 640px) 100vw, 800px\" \/><\/span><\/div><\/div><\/div><div class=\"fusion-layout-column fusion_builder_column fusion-builder-column-9 fusion_builder_column_1_2 1_2 fusion-flex-column\" style=\"--awb-bg-size:cover;--awb-width-large:50%;--awb-margin-top-large:0px;--awb-spacing-right-large:3.84%;--awb-margin-bottom-large:0px;--awb-spacing-left-large:3.84%;--awb-width-medium:50%;--awb-order-medium:0;--awb-spacing-right-medium:3.84%;--awb-spacing-left-medium:3.84%;--awb-width-small:100%;--awb-order-small:0;--awb-spacing-right-small:1.92%;--awb-spacing-left-small:1.92%;\" data-scroll-devices=\"small-visibility,medium-visibility,large-visibility\"><div class=\"fusion-column-wrapper fusion-column-has-shadow fusion-flex-justify-content-flex-start fusion-content-layout-column\"><div class=\"fusion-title title fusion-title-5 fusion-sep-none fusion-title-text fusion-title-size-two\"><h2 class=\"fusion-title-heading title-heading-left fusion-responsive-typography-calculated\" style=\"margin:0;--fontSize:48;line-height:var(--awb-typography1-line-height);\">Multicam produksjon<\/h2><\/div><div class=\"fusion-text fusion-text-5\"><p>Fang hvert \u00f8yeblikk fra flere vinkler med profesjonell multicam-produksjon. V\u00e5re h\u00f8ykvalitets kameraoppsett gir dynamiske og engasjerende bilder for direktesendinger, konserter og firmaarrangementer.<\/p>\n<p>Vi bruker toppmoderne utstyr, inkludert robotkameraer, droner og mobile oppsett, for \u00e5 levere s\u00f8ml\u00f8s live-svitsjing og postproduksjonsredigering.<\/p>\n<p>Enten vi str\u00f8mmer live eller produserer avansert videoinnhold, sikrer multicam-tiln\u00e6rmingen v\u00e5r jevne overganger, perfekt innramming og en oppslukende seeropplevelse for publikum overalt.<\/p>\n<\/div><\/div><\/div><\/div><\/div><\/p>\n","protected":false},"excerpt":{"rendered":"","protected":false},"author":2,"featured_media":0,"parent":0,"menu_order":0,"comment_status":"closed","ping_status":"closed","template":"100-width.php","meta":{"_acf_changed":false,"inline_featured_image":false,"footnotes":""},"class_list":["post-440","page","type-page","status-publish","hentry"],"acf":[],"_links":{"self":[{"href":"https:\/\/kongsen.media\/no\/wp-json\/wp\/v2\/pages\/440","targetHints":{"allow":["GET"]}}],"collection":[{"href":"https:\/\/kongsen.media\/no\/wp-json\/wp\/v2\/pages"}],"about":[{"href":"https:\/\/kongsen.media\/no\/wp-json\/wp\/v2\/types\/page"}],"author":[{"embeddable":true,"href":"https:\/\/kongsen.media\/no\/wp-json\/wp\/v2\/users\/2"}],"replies":[{"embeddable":true,"href":"https:\/\/kongsen.media\/no\/wp-json\/wp\/v2\/comments?post=440"}],"version-history":[{"count":5,"href":"https:\/\/kongsen.media\/no\/wp-json\/wp\/v2\/pages\/440\/revisions"}],"predecessor-version":[{"id":571,"href":"https:\/\/kongsen.media\/no\/wp-json\/wp\/v2\/pages\/440\/revisions\/571"}],"wp:attachment":[{"href":"https:\/\/kongsen.media\/no\/wp-json\/wp\/v2\/media?parent=440"}],"curies":[{"name":"wp","href":"https:\/\/api.w.org\/{rel}","templated":true}]}}