{"id":436,"date":"2025-03-04T08:44:33","date_gmt":"2025-03-04T08:44:33","guid":{"rendered":"https:\/\/kongsen.media\/equipment\/"},"modified":"2025-03-12T09:12:31","modified_gmt":"2025-03-12T09:12:31","slug":"equipment","status":"publish","type":"page","link":"https:\/\/kongsen.media\/no\/equipment\/","title":{"rendered":"Utstyr"},"content":{"rendered":"<p><div class=\"fusion-fullwidth fullwidth-box fusion-builder-row-1 fusion-flex-container has-pattern-background has-mask-background nonhundred-percent-fullwidth non-hundred-percent-height-scrolling\" style=\"--awb-border-radius-top-left:0px;--awb-border-radius-top-right:0px;--awb-border-radius-bottom-right:0px;--awb-border-radius-bottom-left:0px;--awb-padding-top:80px;--awb-padding-bottom:80px;--awb-flex-wrap:wrap;\" ><div class=\"fusion-builder-row fusion-row fusion-flex-align-items-center fusion-flex-content-wrap\" style=\"max-width:1352px;margin-left: calc(-4% \/ 2 );margin-right: calc(-4% \/ 2 );\"><div class=\"fusion-layout-column fusion_builder_column fusion-builder-column-0 fusion_builder_column_1_2 1_2 fusion-flex-column\" style=\"--awb-bg-size:cover;--awb-width-large:50%;--awb-margin-top-large:0px;--awb-spacing-right-large:3.84%;--awb-margin-bottom-large:0px;--awb-spacing-left-large:3.84%;--awb-width-medium:50%;--awb-order-medium:0;--awb-spacing-right-medium:3.84%;--awb-spacing-left-medium:3.84%;--awb-width-small:100%;--awb-order-small:0;--awb-spacing-right-small:1.92%;--awb-margin-bottom-small:20px;--awb-spacing-left-small:1.92%;\" data-scroll-devices=\"small-visibility,medium-visibility,large-visibility\"><div class=\"fusion-column-wrapper fusion-column-has-shadow fusion-flex-justify-content-flex-start fusion-content-layout-column\"><div class=\"fusion-image-element \" style=\"--awb-caption-title-font-family:var(--h2_typography-font-family);--awb-caption-title-font-weight:var(--h2_typography-font-weight);--awb-caption-title-font-style:var(--h2_typography-font-style);--awb-caption-title-size:var(--h2_typography-font-size);--awb-caption-title-transform:var(--h2_typography-text-transform);--awb-caption-title-line-height:var(--h2_typography-line-height);--awb-caption-title-letter-spacing:var(--h2_typography-letter-spacing);\"><span class=\" fusion-imageframe imageframe-dropshadow imageframe-1 hover-type-none\" style=\"border-radius:10px;-webkit-box-shadow: 3px 3px 7px rgba(0,0,0,0.3);box-shadow: 3px 3px 7px rgba(0,0,0,0.3);\"><img decoding=\"async\" width=\"2560\" height=\"1919\" title=\"kongsenmedia\" src=\"https:\/\/kongsen.media\/wp-content\/uploads\/2025\/03\/kongsenmedia-58-scaled.jpg\" alt class=\"img-responsive wp-image-412\" srcset=\"https:\/\/kongsen.media\/wp-content\/uploads\/2025\/03\/kongsenmedia-58-200x150.jpg 200w, https:\/\/kongsen.media\/wp-content\/uploads\/2025\/03\/kongsenmedia-58-400x300.jpg 400w, https:\/\/kongsen.media\/wp-content\/uploads\/2025\/03\/kongsenmedia-58-600x450.jpg 600w, https:\/\/kongsen.media\/wp-content\/uploads\/2025\/03\/kongsenmedia-58-800x600.jpg 800w, https:\/\/kongsen.media\/wp-content\/uploads\/2025\/03\/kongsenmedia-58-1200x900.jpg 1200w, https:\/\/kongsen.media\/wp-content\/uploads\/2025\/03\/kongsenmedia-58-scaled.jpg 2560w\" sizes=\"(max-width: 640px) 100vw, 800px\" \/><\/span><\/div><\/div><\/div><div class=\"fusion-layout-column fusion_builder_column fusion-builder-column-1 fusion_builder_column_1_2 1_2 fusion-flex-column\" style=\"--awb-bg-size:cover;--awb-width-large:50%;--awb-margin-top-large:0px;--awb-spacing-right-large:3.84%;--awb-margin-bottom-large:0px;--awb-spacing-left-large:3.84%;--awb-width-medium:50%;--awb-order-medium:0;--awb-spacing-right-medium:3.84%;--awb-spacing-left-medium:3.84%;--awb-width-small:100%;--awb-order-small:0;--awb-spacing-right-small:1.92%;--awb-spacing-left-small:1.92%;\" data-scroll-devices=\"small-visibility,medium-visibility,large-visibility\"><div class=\"fusion-column-wrapper fusion-column-has-shadow fusion-flex-justify-content-flex-start fusion-content-layout-column\"><div class=\"fusion-title title fusion-title-1 fusion-sep-none fusion-title-text fusion-title-size-two\"><h2 class=\"fusion-title-heading title-heading-left fusion-responsive-typography-calculated\" style=\"margin:0;--fontSize:48;line-height:var(--awb-typography1-line-height);\">Belysning<\/h2><\/div><div class=\"fusion-text fusion-text-1\"><p>Forvandle ethvert rom med profesjonelle belysningsl\u00f8sninger som forbedrer stemning, atmosf\u00e6re og effekt. V\u00e5re avanserte lysdesign skaper oppslukende opplevelser for konserter, firmaarrangementer og liveproduksjoner.<\/p>\n<p>Fra scenebelysning og arkitektonisk belysning til dynamiske bevegelige lys og effekter, vi skreddersyr l\u00f8sninger for \u00e5 matche din visjon. Intelligent lyskontroll sikrer s\u00f8ml\u00f8s synkronisering med lyd og visuelle bilder for en feilfri ytelse.<\/p>\n<p>Ved \u00e5 bruke de nyeste LED-armaturer, spotlights og fargetilpasningsteknologi bringer vi kreative konsepter til live med presisjon og stil. Enten det er dramatisk, subtilt eller h\u00f8yenergisk, forbedrer belysningen hver begivenhet.<\/p>\n<\/div><\/div><\/div><\/div><\/div><div class=\"fusion-fullwidth fullwidth-box fusion-builder-row-2 fusion-flex-container has-pattern-background has-mask-background nonhundred-percent-fullwidth non-hundred-percent-height-scrolling\" style=\"--awb-border-radius-top-left:0px;--awb-border-radius-top-right:0px;--awb-border-radius-bottom-right:0px;--awb-border-radius-bottom-left:0px;--awb-padding-top:80px;--awb-padding-bottom:80px;--awb-background-color:#f7f7f7;--awb-flex-wrap:wrap;\" ><div class=\"fusion-builder-row fusion-row fusion-flex-align-items-center fusion-flex-content-wrap\" style=\"max-width:1352px;margin-left: calc(-4% \/ 2 );margin-right: calc(-4% \/ 2 );\"><div class=\"fusion-layout-column fusion_builder_column fusion-builder-column-2 fusion_builder_column_1_2 1_2 fusion-flex-column\" style=\"--awb-bg-size:cover;--awb-width-large:50%;--awb-margin-top-large:0px;--awb-spacing-right-large:3.84%;--awb-margin-bottom-large:0px;--awb-spacing-left-large:3.84%;--awb-width-medium:50%;--awb-order-medium:0;--awb-spacing-right-medium:3.84%;--awb-spacing-left-medium:3.84%;--awb-width-small:100%;--awb-order-small:2;--awb-spacing-right-small:1.92%;--awb-spacing-left-small:1.92%;\" data-scroll-devices=\"small-visibility,medium-visibility,large-visibility\"><div class=\"fusion-column-wrapper fusion-column-has-shadow fusion-flex-justify-content-flex-start fusion-content-layout-column\"><div class=\"fusion-title title fusion-title-2 fusion-sep-none fusion-title-text fusion-title-size-two\"><h2 class=\"fusion-title-heading title-heading-left fusion-responsive-typography-calculated\" style=\"margin:0;--fontSize:48;line-height:var(--awb-typography1-line-height);\">Video og LED-skjerm<\/h2><\/div><div class=\"fusion-text fusion-text-2\"><p>Engasjer publikum med fantastiske video- og LED-skjerml\u00f8sninger designet for maksimal effekt. V\u00e5re h\u00f8yoppl\u00f8selige skjermer sikrer krystallklare bilder for konserter, konferanser og live-arrangementer.<\/p>\n<p>Vi tilbyr fleksible skjermoppsett, inkludert store LED-vegger, buede skjermer og mobile videol\u00f8sninger, og leverer en s\u00f8ml\u00f8s seeropplevelse i alle omgivelser.<\/p>\n<p>Fra live-feeder og forh\u00e5ndsinnspilt innhold til sanntidsgrafikk og effekter, teamet v\u00e5rt sikrer jevn integrasjon for en visuelt fengende produksjon. Med ekspertoppsett og innholdsadministrasjon bringer vi din visjon til live.<\/p>\n<\/div><\/div><\/div><div class=\"fusion-layout-column fusion_builder_column fusion-builder-column-3 fusion_builder_column_1_2 1_2 fusion-flex-column\" style=\"--awb-bg-size:cover;--awb-width-large:50%;--awb-margin-top-large:0px;--awb-spacing-right-large:3.84%;--awb-margin-bottom-large:0px;--awb-spacing-left-large:3.84%;--awb-width-medium:50%;--awb-order-medium:0;--awb-spacing-right-medium:3.84%;--awb-spacing-left-medium:3.84%;--awb-width-small:100%;--awb-order-small:1;--awb-spacing-right-small:1.92%;--awb-margin-bottom-small:20px;--awb-spacing-left-small:1.92%;\" data-scroll-devices=\"small-visibility,medium-visibility,large-visibility\"><div class=\"fusion-column-wrapper fusion-column-has-shadow fusion-flex-justify-content-flex-start fusion-content-layout-column\"><div class=\"fusion-image-element \" style=\"--awb-caption-title-font-family:var(--h2_typography-font-family);--awb-caption-title-font-weight:var(--h2_typography-font-weight);--awb-caption-title-font-style:var(--h2_typography-font-style);--awb-caption-title-size:var(--h2_typography-font-size);--awb-caption-title-transform:var(--h2_typography-text-transform);--awb-caption-title-line-height:var(--h2_typography-line-height);--awb-caption-title-letter-spacing:var(--h2_typography-letter-spacing);\"><span class=\" fusion-imageframe imageframe-dropshadow imageframe-2 hover-type-none\" style=\"border-radius:10px;-webkit-box-shadow: 3px 3px 7px rgba(0,0,0,0.3);box-shadow: 3px 3px 7px rgba(0,0,0,0.3);\"><img decoding=\"async\" width=\"1920\" height=\"1439\" title=\"kongsenmedia\" src=\"https:\/\/kongsen.media\/wp-content\/uploads\/2025\/03\/kongsenmedia-57.jpg\" alt class=\"img-responsive wp-image-397\" srcset=\"https:\/\/kongsen.media\/wp-content\/uploads\/2025\/03\/kongsenmedia-57-200x150.jpg 200w, https:\/\/kongsen.media\/wp-content\/uploads\/2025\/03\/kongsenmedia-57-400x300.jpg 400w, https:\/\/kongsen.media\/wp-content\/uploads\/2025\/03\/kongsenmedia-57-600x450.jpg 600w, https:\/\/kongsen.media\/wp-content\/uploads\/2025\/03\/kongsenmedia-57-800x600.jpg 800w, https:\/\/kongsen.media\/wp-content\/uploads\/2025\/03\/kongsenmedia-57-1200x899.jpg 1200w, https:\/\/kongsen.media\/wp-content\/uploads\/2025\/03\/kongsenmedia-57.jpg 1920w\" sizes=\"(max-width: 640px) 100vw, 800px\" \/><\/span><\/div><\/div><\/div><\/div><\/div><div class=\"fusion-fullwidth fullwidth-box fusion-builder-row-3 fusion-flex-container has-pattern-background has-mask-background nonhundred-percent-fullwidth non-hundred-percent-height-scrolling\" style=\"--awb-border-radius-top-left:0px;--awb-border-radius-top-right:0px;--awb-border-radius-bottom-right:0px;--awb-border-radius-bottom-left:0px;--awb-padding-top:80px;--awb-padding-bottom:80px;--awb-flex-wrap:wrap;\" ><div class=\"fusion-builder-row fusion-row fusion-flex-align-items-center fusion-flex-content-wrap\" style=\"max-width:1352px;margin-left: calc(-4% \/ 2 );margin-right: calc(-4% \/ 2 );\"><div class=\"fusion-layout-column fusion_builder_column fusion-builder-column-4 fusion_builder_column_1_2 1_2 fusion-flex-column\" style=\"--awb-bg-size:cover;--awb-width-large:50%;--awb-margin-top-large:0px;--awb-spacing-right-large:3.84%;--awb-margin-bottom-large:0px;--awb-spacing-left-large:3.84%;--awb-width-medium:50%;--awb-order-medium:0;--awb-spacing-right-medium:3.84%;--awb-spacing-left-medium:3.84%;--awb-width-small:100%;--awb-order-small:0;--awb-spacing-right-small:1.92%;--awb-margin-bottom-small:20px;--awb-spacing-left-small:1.92%;\" data-scroll-devices=\"small-visibility,medium-visibility,large-visibility\"><div class=\"fusion-column-wrapper fusion-column-has-shadow fusion-flex-justify-content-flex-start fusion-content-layout-column\"><div class=\"fusion-image-element \" style=\"--awb-caption-title-font-family:var(--h2_typography-font-family);--awb-caption-title-font-weight:var(--h2_typography-font-weight);--awb-caption-title-font-style:var(--h2_typography-font-style);--awb-caption-title-size:var(--h2_typography-font-size);--awb-caption-title-transform:var(--h2_typography-text-transform);--awb-caption-title-line-height:var(--h2_typography-line-height);--awb-caption-title-letter-spacing:var(--h2_typography-letter-spacing);\"><span class=\" fusion-imageframe imageframe-dropshadow imageframe-3 hover-type-none\" style=\"border-radius:10px;-webkit-box-shadow: 3px 3px 7px rgba(0,0,0,0.3);box-shadow: 3px 3px 7px rgba(0,0,0,0.3);\"><img decoding=\"async\" width=\"1920\" height=\"1280\" title=\"kongsenmedia\" src=\"https:\/\/kongsen.media\/wp-content\/uploads\/2025\/03\/kongsenmedia-16.jpg\" alt class=\"img-responsive wp-image-413\" srcset=\"https:\/\/kongsen.media\/wp-content\/uploads\/2025\/03\/kongsenmedia-16-200x133.jpg 200w, https:\/\/kongsen.media\/wp-content\/uploads\/2025\/03\/kongsenmedia-16-400x267.jpg 400w, https:\/\/kongsen.media\/wp-content\/uploads\/2025\/03\/kongsenmedia-16-600x400.jpg 600w, https:\/\/kongsen.media\/wp-content\/uploads\/2025\/03\/kongsenmedia-16-800x533.jpg 800w, https:\/\/kongsen.media\/wp-content\/uploads\/2025\/03\/kongsenmedia-16-1200x800.jpg 1200w, https:\/\/kongsen.media\/wp-content\/uploads\/2025\/03\/kongsenmedia-16.jpg 1920w\" sizes=\"(max-width: 640px) 100vw, 800px\" \/><\/span><\/div><\/div><\/div><div class=\"fusion-layout-column fusion_builder_column fusion-builder-column-5 fusion_builder_column_1_2 1_2 fusion-flex-column\" style=\"--awb-bg-size:cover;--awb-width-large:50%;--awb-margin-top-large:0px;--awb-spacing-right-large:3.84%;--awb-margin-bottom-large:0px;--awb-spacing-left-large:3.84%;--awb-width-medium:50%;--awb-order-medium:0;--awb-spacing-right-medium:3.84%;--awb-spacing-left-medium:3.84%;--awb-width-small:100%;--awb-order-small:0;--awb-spacing-right-small:1.92%;--awb-spacing-left-small:1.92%;\" data-scroll-devices=\"small-visibility,medium-visibility,large-visibility\"><div class=\"fusion-column-wrapper fusion-column-has-shadow fusion-flex-justify-content-flex-start fusion-content-layout-column\"><div class=\"fusion-title title fusion-title-3 fusion-sep-none fusion-title-text fusion-title-size-two\"><h2 class=\"fusion-title-heading title-heading-left fusion-responsive-typography-calculated\" style=\"margin:0;--fontSize:48;line-height:var(--awb-typography1-line-height);\">Virtuell produksjon<\/h2><\/div><div class=\"fusion-text fusion-text-3\"><p>Skyv kreative grenser med banebrytende virtuell produksjonsteknologi som kombinerer virkelige og digitale verdener. Ved \u00e5 bruke avanserte LED-vegger, sanntidsgjengivelse og CGI skaper vi oppslukende milj\u00f8er for enhver produksjon.<\/p>\n<p>Denne teknologien eliminerer plasseringsbegrensninger, og lar filmskapere, arrangementsarrang\u00f8rer og innholdsskapere lage fantastiske bilder i kontrollerte omgivelser. Liveartister samhandler s\u00f8ml\u00f8st med digitale bakgrunner, og forbedrer realisme og historiefortelling.<\/p>\n<p>Fra musikkvideoer og reklamer til bedriftspresentasjoner og direktesendinger, v\u00e5re virtuelle produksjonstjenester \u00e5pner for nye muligheter for kreativitet og effektivitet.<\/p>\n<\/div><\/div><\/div><\/div><\/div><div class=\"fusion-fullwidth fullwidth-box fusion-builder-row-4 fusion-flex-container has-pattern-background has-mask-background nonhundred-percent-fullwidth non-hundred-percent-height-scrolling\" style=\"--awb-border-radius-top-left:0px;--awb-border-radius-top-right:0px;--awb-border-radius-bottom-right:0px;--awb-border-radius-bottom-left:0px;--awb-padding-top:80px;--awb-padding-bottom:80px;--awb-background-color:#f7f7f7;--awb-flex-wrap:wrap;\" ><div class=\"fusion-builder-row fusion-row fusion-flex-align-items-center fusion-flex-content-wrap\" style=\"max-width:1352px;margin-left: calc(-4% \/ 2 );margin-right: calc(-4% \/ 2 );\"><div class=\"fusion-layout-column fusion_builder_column fusion-builder-column-6 fusion_builder_column_1_2 1_2 fusion-flex-column\" style=\"--awb-bg-size:cover;--awb-width-large:50%;--awb-margin-top-large:0px;--awb-spacing-right-large:3.84%;--awb-margin-bottom-large:0px;--awb-spacing-left-large:3.84%;--awb-width-medium:50%;--awb-order-medium:0;--awb-spacing-right-medium:3.84%;--awb-spacing-left-medium:3.84%;--awb-width-small:100%;--awb-order-small:2;--awb-spacing-right-small:1.92%;--awb-spacing-left-small:1.92%;\" data-scroll-devices=\"small-visibility,medium-visibility,large-visibility\"><div class=\"fusion-column-wrapper fusion-column-has-shadow fusion-flex-justify-content-flex-start fusion-content-layout-column\"><div class=\"fusion-title title fusion-title-4 fusion-sep-none fusion-title-text fusion-title-size-two\"><h2 class=\"fusion-title-heading title-heading-left fusion-responsive-typography-calculated\" style=\"margin:0;--fontSize:48;line-height:var(--awb-typography1-line-height);\">Lyd<\/h2><\/div><div class=\"fusion-text fusion-text-4\"><p>Lever krystallklar lyd med profesjonelle lydl\u00f8sninger skreddersydd for live-arrangementer, studioer og bedriftsproduksjoner. V\u00e5re h\u00f8ykvalitets lydsystemer sikrer at hvert ord og tone blir h\u00f8rt med presisjon.<\/p>\n<p>Vi spesialiserer oss p\u00e5 live-miksing, flersporsopptak og oppslukende lydoppsett, som sikrer balansert lyd for alle spillesteder. Enten det er en konsert, konferanse eller kringkasting, optimaliserer v\u00e5re ekspertingeni\u00f8rer hver detalj for feilfri ytelse.<\/p>\n<p>Med f\u00f8rsteklasses mikrofoner, h\u00f8yttalere og digitale miksekonsoller gir vi s\u00f8ml\u00f8s lydforsterkning, som sikrer klarhet og dybde p\u00e5 tvers av alle frekvenser.<\/p>\n<\/div><\/div><\/div><div class=\"fusion-layout-column fusion_builder_column fusion-builder-column-7 fusion_builder_column_1_2 1_2 fusion-flex-column\" style=\"--awb-bg-size:cover;--awb-width-large:50%;--awb-margin-top-large:0px;--awb-spacing-right-large:3.84%;--awb-margin-bottom-large:0px;--awb-spacing-left-large:3.84%;--awb-width-medium:50%;--awb-order-medium:0;--awb-spacing-right-medium:3.84%;--awb-spacing-left-medium:3.84%;--awb-width-small:100%;--awb-order-small:1;--awb-spacing-right-small:1.92%;--awb-margin-bottom-small:20px;--awb-spacing-left-small:1.92%;\" data-scroll-devices=\"small-visibility,medium-visibility,large-visibility\"><div class=\"fusion-column-wrapper fusion-column-has-shadow fusion-flex-justify-content-flex-start fusion-content-layout-column\"><div class=\"fusion-image-element \" style=\"--awb-caption-title-font-family:var(--h2_typography-font-family);--awb-caption-title-font-weight:var(--h2_typography-font-weight);--awb-caption-title-font-style:var(--h2_typography-font-style);--awb-caption-title-size:var(--h2_typography-font-size);--awb-caption-title-transform:var(--h2_typography-text-transform);--awb-caption-title-line-height:var(--h2_typography-line-height);--awb-caption-title-letter-spacing:var(--h2_typography-letter-spacing);\"><span class=\" fusion-imageframe imageframe-dropshadow imageframe-4 hover-type-none\" style=\"border-radius:10px;-webkit-box-shadow: 3px 3px 7px rgba(0,0,0,0.3);box-shadow: 3px 3px 7px rgba(0,0,0,0.3);\"><img decoding=\"async\" width=\"1920\" height=\"1280\" title=\"kongsenmedia\" src=\"https:\/\/kongsen.media\/wp-content\/uploads\/2025\/03\/kongsenmedia-21-1.jpg\" alt class=\"img-responsive wp-image-414\" srcset=\"https:\/\/kongsen.media\/wp-content\/uploads\/2025\/03\/kongsenmedia-21-1-200x133.jpg 200w, https:\/\/kongsen.media\/wp-content\/uploads\/2025\/03\/kongsenmedia-21-1-400x267.jpg 400w, https:\/\/kongsen.media\/wp-content\/uploads\/2025\/03\/kongsenmedia-21-1-600x400.jpg 600w, https:\/\/kongsen.media\/wp-content\/uploads\/2025\/03\/kongsenmedia-21-1-800x533.jpg 800w, https:\/\/kongsen.media\/wp-content\/uploads\/2025\/03\/kongsenmedia-21-1-1200x800.jpg 1200w, https:\/\/kongsen.media\/wp-content\/uploads\/2025\/03\/kongsenmedia-21-1.jpg 1920w\" sizes=\"(max-width: 640px) 100vw, 800px\" \/><\/span><\/div><\/div><\/div><\/div><\/div><div class=\"fusion-fullwidth fullwidth-box fusion-builder-row-5 fusion-flex-container has-pattern-background has-mask-background nonhundred-percent-fullwidth non-hundred-percent-height-scrolling\" style=\"--awb-border-radius-top-left:0px;--awb-border-radius-top-right:0px;--awb-border-radius-bottom-right:0px;--awb-border-radius-bottom-left:0px;--awb-padding-top:80px;--awb-padding-bottom:80px;--awb-flex-wrap:wrap;\" ><div class=\"fusion-builder-row fusion-row fusion-flex-align-items-center fusion-flex-content-wrap\" style=\"max-width:1352px;margin-left: calc(-4% \/ 2 );margin-right: calc(-4% \/ 2 );\"><div class=\"fusion-layout-column fusion_builder_column fusion-builder-column-8 fusion_builder_column_1_2 1_2 fusion-flex-column\" style=\"--awb-bg-size:cover;--awb-width-large:50%;--awb-margin-top-large:0px;--awb-spacing-right-large:3.84%;--awb-margin-bottom-large:0px;--awb-spacing-left-large:3.84%;--awb-width-medium:50%;--awb-order-medium:0;--awb-spacing-right-medium:3.84%;--awb-spacing-left-medium:3.84%;--awb-width-small:100%;--awb-order-small:0;--awb-spacing-right-small:1.92%;--awb-margin-bottom-small:20px;--awb-spacing-left-small:1.92%;\" data-scroll-devices=\"small-visibility,medium-visibility,large-visibility\"><div class=\"fusion-column-wrapper fusion-column-has-shadow fusion-flex-justify-content-flex-start fusion-content-layout-column\"><div class=\"fusion-image-element \" style=\"--awb-caption-title-font-family:var(--h2_typography-font-family);--awb-caption-title-font-weight:var(--h2_typography-font-weight);--awb-caption-title-font-style:var(--h2_typography-font-style);--awb-caption-title-size:var(--h2_typography-font-size);--awb-caption-title-transform:var(--h2_typography-text-transform);--awb-caption-title-line-height:var(--h2_typography-line-height);--awb-caption-title-letter-spacing:var(--h2_typography-letter-spacing);\"><span class=\" fusion-imageframe imageframe-dropshadow imageframe-5 hover-type-none\" style=\"border-radius:10px;-webkit-box-shadow: 3px 3px 7px rgba(0,0,0,0.3);box-shadow: 3px 3px 7px rgba(0,0,0,0.3);\"><img decoding=\"async\" width=\"1920\" height=\"1439\" title=\"kongsenmedia\" src=\"https:\/\/kongsen.media\/wp-content\/uploads\/2025\/03\/kongsenmedia-64.jpg\" alt class=\"img-responsive wp-image-400\" srcset=\"https:\/\/kongsen.media\/wp-content\/uploads\/2025\/03\/kongsenmedia-64-200x150.jpg 200w, https:\/\/kongsen.media\/wp-content\/uploads\/2025\/03\/kongsenmedia-64-400x300.jpg 400w, https:\/\/kongsen.media\/wp-content\/uploads\/2025\/03\/kongsenmedia-64-600x450.jpg 600w, https:\/\/kongsen.media\/wp-content\/uploads\/2025\/03\/kongsenmedia-64-800x600.jpg 800w, https:\/\/kongsen.media\/wp-content\/uploads\/2025\/03\/kongsenmedia-64-1200x899.jpg 1200w, https:\/\/kongsen.media\/wp-content\/uploads\/2025\/03\/kongsenmedia-64.jpg 1920w\" sizes=\"(max-width: 640px) 100vw, 800px\" \/><\/span><\/div><\/div><\/div><div class=\"fusion-layout-column fusion_builder_column fusion-builder-column-9 fusion_builder_column_1_2 1_2 fusion-flex-column\" style=\"--awb-bg-size:cover;--awb-width-large:50%;--awb-margin-top-large:0px;--awb-spacing-right-large:3.84%;--awb-margin-bottom-large:0px;--awb-spacing-left-large:3.84%;--awb-width-medium:50%;--awb-order-medium:0;--awb-spacing-right-medium:3.84%;--awb-spacing-left-medium:3.84%;--awb-width-small:100%;--awb-order-small:0;--awb-spacing-right-small:1.92%;--awb-spacing-left-small:1.92%;\" data-scroll-devices=\"small-visibility,medium-visibility,large-visibility\"><div class=\"fusion-column-wrapper fusion-column-has-shadow fusion-flex-justify-content-flex-start fusion-content-layout-column\"><div class=\"fusion-title title fusion-title-5 fusion-sep-none fusion-title-text fusion-title-size-two\"><h2 class=\"fusion-title-heading title-heading-left fusion-responsive-typography-calculated\" style=\"margin:0;--fontSize:48;line-height:var(--awb-typography1-line-height);\">Studio<\/h2><\/div><div class=\"fusion-text fusion-text-5\"><p>Lag opptak av h\u00f8y kvalitet i et profesjonelt studiomilj\u00f8 designet for presisjon og kreativitet. V\u00e5re akustisk behandlede rom og toppklasseutstyr garanterer bransjestandardresultater.<\/p>\n<p>Vi tilbyr full-service innspilling, miksing og mastering, og jobber med artister, voice-over-talenter og innholdsskapere for \u00e5 bringe prosjektene sine til live. Fra sporing av live-instrumenter til vokal\u00f8kter, vi gir en s\u00f8ml\u00f8s produksjonsopplevelse.<\/p>\n<p>Med ekspertingeni\u00f8rer og banebrytende teknologi sikrer vi at hver innspilling er polert, dynamisk og klar for utgivelse p\u00e5 alle plattformer.<\/p>\n<\/div><\/div><\/div><\/div><\/div><\/p>\n","protected":false},"excerpt":{"rendered":"","protected":false},"author":2,"featured_media":0,"parent":0,"menu_order":0,"comment_status":"closed","ping_status":"closed","template":"100-width.php","meta":{"_acf_changed":false,"inline_featured_image":false,"footnotes":""},"class_list":["post-436","page","type-page","status-publish","hentry"],"acf":[],"_links":{"self":[{"href":"https:\/\/kongsen.media\/no\/wp-json\/wp\/v2\/pages\/436","targetHints":{"allow":["GET"]}}],"collection":[{"href":"https:\/\/kongsen.media\/no\/wp-json\/wp\/v2\/pages"}],"about":[{"href":"https:\/\/kongsen.media\/no\/wp-json\/wp\/v2\/types\/page"}],"author":[{"embeddable":true,"href":"https:\/\/kongsen.media\/no\/wp-json\/wp\/v2\/users\/2"}],"replies":[{"embeddable":true,"href":"https:\/\/kongsen.media\/no\/wp-json\/wp\/v2\/comments?post=436"}],"version-history":[{"count":5,"href":"https:\/\/kongsen.media\/no\/wp-json\/wp\/v2\/pages\/436\/revisions"}],"predecessor-version":[{"id":575,"href":"https:\/\/kongsen.media\/no\/wp-json\/wp\/v2\/pages\/436\/revisions\/575"}],"wp:attachment":[{"href":"https:\/\/kongsen.media\/no\/wp-json\/wp\/v2\/media?parent=436"}],"curies":[{"name":"wp","href":"https:\/\/api.w.org\/{rel}","templated":true}]}}