{"id":426,"date":"2025-03-04T08:45:55","date_gmt":"2025-03-04T08:45:55","guid":{"rendered":"https:\/\/kongsen.media\/about-us\/"},"modified":"2025-03-12T07:23:19","modified_gmt":"2025-03-12T07:23:19","slug":"about-us","status":"publish","type":"page","link":"https:\/\/kongsen.media\/no\/about-us\/","title":{"rendered":"Om oss"},"content":{"rendered":"<p><div class=\"fusion-fullwidth fullwidth-box fusion-builder-row-1 fusion-flex-container has-pattern-background has-mask-background nonhundred-percent-fullwidth non-hundred-percent-height-scrolling\" style=\"--awb-border-radius-top-left:0px;--awb-border-radius-top-right:0px;--awb-border-radius-bottom-right:0px;--awb-border-radius-bottom-left:0px;--awb-padding-top:100px;--awb-padding-bottom:100px;--awb-padding-top-small:80px;--awb-padding-bottom-small:80px;--awb-flex-wrap:wrap;\" ><div class=\"fusion-builder-row fusion-row fusion-flex-align-items-center fusion-flex-content-wrap\" style=\"max-width:1352px;margin-left: calc(-4% \/ 2 );margin-right: calc(-4% \/ 2 );\"><div class=\"fusion-layout-column fusion_builder_column fusion-builder-column-0 fusion_builder_column_1_2 1_2 fusion-flex-column\" style=\"--awb-bg-size:cover;--awb-width-large:50%;--awb-margin-top-large:0px;--awb-spacing-right-large:3.84%;--awb-margin-bottom-large:0px;--awb-spacing-left-large:3.84%;--awb-width-medium:50%;--awb-order-medium:0;--awb-spacing-right-medium:3.84%;--awb-spacing-left-medium:3.84%;--awb-width-small:100%;--awb-order-small:0;--awb-spacing-right-small:1.92%;--awb-margin-bottom-small:20px;--awb-spacing-left-small:1.92%;\" data-scroll-devices=\"small-visibility,medium-visibility,large-visibility\"><div class=\"fusion-column-wrapper fusion-column-has-shadow fusion-flex-justify-content-flex-start fusion-content-layout-column\"><div class=\"fusion-image-element \" style=\"--awb-caption-title-font-family:var(--h2_typography-font-family);--awb-caption-title-font-weight:var(--h2_typography-font-weight);--awb-caption-title-font-style:var(--h2_typography-font-style);--awb-caption-title-size:var(--h2_typography-font-size);--awb-caption-title-transform:var(--h2_typography-text-transform);--awb-caption-title-line-height:var(--h2_typography-line-height);--awb-caption-title-letter-spacing:var(--h2_typography-letter-spacing);\"><span class=\" fusion-imageframe imageframe-dropshadow imageframe-1 hover-type-none\" style=\"border-radius:10px;-webkit-box-shadow: 3px 3px 7px rgba(0,0,0,0.3);box-shadow: 3px 3px 7px rgba(0,0,0,0.3);\"><img decoding=\"async\" width=\"1920\" height=\"1439\" title=\"kongsenmedia\" src=\"https:\/\/kongsen.media\/wp-content\/uploads\/2025\/03\/kongsenmedia-64.jpg\" alt class=\"img-responsive wp-image-400\" srcset=\"https:\/\/kongsen.media\/wp-content\/uploads\/2025\/03\/kongsenmedia-64-200x150.jpg 200w, https:\/\/kongsen.media\/wp-content\/uploads\/2025\/03\/kongsenmedia-64-400x300.jpg 400w, https:\/\/kongsen.media\/wp-content\/uploads\/2025\/03\/kongsenmedia-64-600x450.jpg 600w, https:\/\/kongsen.media\/wp-content\/uploads\/2025\/03\/kongsenmedia-64-800x600.jpg 800w, https:\/\/kongsen.media\/wp-content\/uploads\/2025\/03\/kongsenmedia-64-1200x899.jpg 1200w, https:\/\/kongsen.media\/wp-content\/uploads\/2025\/03\/kongsenmedia-64.jpg 1920w\" sizes=\"(max-width: 640px) 100vw, 800px\" \/><\/span><\/div><\/div><\/div><div class=\"fusion-layout-column fusion_builder_column fusion-builder-column-1 fusion_builder_column_1_2 1_2 fusion-flex-column\" style=\"--awb-bg-size:cover;--awb-width-large:50%;--awb-margin-top-large:0px;--awb-spacing-right-large:3.84%;--awb-margin-bottom-large:0px;--awb-spacing-left-large:3.84%;--awb-width-medium:50%;--awb-order-medium:0;--awb-spacing-right-medium:3.84%;--awb-spacing-left-medium:3.84%;--awb-width-small:100%;--awb-order-small:0;--awb-spacing-right-small:1.92%;--awb-spacing-left-small:1.92%;\" data-scroll-devices=\"small-visibility,medium-visibility,large-visibility\"><div class=\"fusion-column-wrapper fusion-column-has-shadow fusion-flex-justify-content-flex-start fusion-content-layout-column\"><div class=\"fusion-title title fusion-title-1 fusion-sep-none fusion-title-text fusion-title-size-two\"><h2 class=\"fusion-title-heading title-heading-left fusion-responsive-typography-calculated\" style=\"margin:0;--fontSize:48;line-height:var(--awb-typography1-line-height);\">V\u00e5r kreative \u00e5nd blir levende under filmingen.<\/h2><\/div><div class=\"fusion-text fusion-text-1\"><p>Vi tilbyr et dedikert milj\u00f8 for \u00e5 bringe dine musikalske ideer til live. Med v\u00e5re toppmoderne studioer og ekspertteam.<\/p>\n<p>Vi sikrer at hvert design ikke bare fengsler, men ogs\u00e5 driver vekst og engasjement Fra konsept til utf\u00f8relse er m\u00e5let v\u00e5rt \u00e5 skape slagkraftige merkeopplevelser som etterlater et varig inntrykk<\/p>\n<p>Vi tror at hver ramme har kraften til \u00e5 fortelle en historie, vekke f\u00f8lelser og inspirere til forbindelse. Fra det f\u00f8rste konseptet til den endelige redigeringen, \u00f8ser vi lidenskapen v\u00e5r inn i hver eneste detalj, og vi lager omhyggelig grafikk som resonerer hos publikum.<\/p>\n<\/div><\/div><\/div><\/div><\/div><div class=\"fusion-fullwidth fullwidth-box fusion-builder-row-2 fusion-flex-container has-pattern-background has-mask-background fusion-parallax-none back_shape nonhundred-percent-fullwidth non-hundred-percent-height-scrolling\" style=\"--awb-border-radius-top-left:0px;--awb-border-radius-top-right:0px;--awb-border-radius-bottom-right:0px;--awb-border-radius-bottom-left:0px;--awb-padding-top:100px;--awb-padding-bottom:100px;--awb-padding-top-small:80px;--awb-padding-bottom-small:80px;--awb-background-image:url(&quot;https:\/\/kongsen.media\/wp-content\/uploads\/2025\/03\/kongsenmedia-005.jpg&quot;);--awb-background-size:cover;--awb-flex-wrap:wrap;\" ><div class=\"fusion-builder-row fusion-row fusion-flex-align-items-flex-start fusion-flex-content-wrap\" style=\"max-width:1352px;margin-left: calc(-4% \/ 2 );margin-right: calc(-4% \/ 2 );\"><div class=\"fusion-layout-column fusion_builder_column fusion-builder-column-2 fusion_builder_column_2_5 2_5 fusion-flex-column\" style=\"--awb-bg-size:cover;--awb-width-large:40%;--awb-margin-top-large:0px;--awb-spacing-right-large:4.8%;--awb-margin-bottom-large:20px;--awb-spacing-left-large:4.8%;--awb-width-medium:20%;--awb-order-medium:0;--awb-spacing-right-medium:9.6%;--awb-spacing-left-medium:9.6%;--awb-width-small:100%;--awb-order-small:0;--awb-spacing-right-small:1.92%;--awb-spacing-left-small:1.92%;\" data-scroll-devices=\"small-visibility,medium-visibility,large-visibility\"><div class=\"fusion-column-wrapper fusion-column-has-shadow fusion-flex-justify-content-flex-start fusion-content-layout-column\"><\/div><\/div><div class=\"fusion-layout-column fusion_builder_column fusion-builder-column-3 fusion_builder_column_3_5 3_5 fusion-flex-column\" style=\"--awb-bg-size:cover;--awb-width-large:60%;--awb-margin-top-large:0px;--awb-spacing-right-large:3.2%;--awb-margin-bottom-large:0px;--awb-spacing-left-large:3.2%;--awb-width-medium:80%;--awb-order-medium:0;--awb-spacing-right-medium:2.4%;--awb-spacing-left-medium:2.4%;--awb-width-small:100%;--awb-order-small:0;--awb-spacing-right-small:1.92%;--awb-spacing-left-small:1.92%;\" data-scroll-devices=\"small-visibility,medium-visibility,large-visibility\"><div class=\"fusion-column-wrapper fusion-column-has-shadow fusion-flex-justify-content-flex-start fusion-content-layout-column\"><div class=\"fusion-title title fusion-title-2 fusion-sep-none fusion-title-text fusion-title-size-two\" style=\"--awb-text-color:var(--awb-color1);\"><h2 class=\"fusion-title-heading title-heading-left fusion-responsive-typography-calculated\" style=\"margin:0;--fontSize:48;line-height:var(--awb-typography1-line-height);\">F\u00e5 prosjektet til \u00e5 skille seg ut, samarbeid med oss \u200b\u200bfor en ekspertproduksjon!<\/h2><\/div><div class=\"fusion-text fusion-text-2\" style=\"--awb-text-color:var(--awb-color1);\"><p>Lorem ipsum dolor sit amet, consectetur adipiscing elit. Sed accumsan ornare lorem a fermentum. Heltallskonsequat er i libero lobortis rhoncus. Aenean porttitor urna ipsum, eu pulvinar nunc varius a.<\/p>\n<\/div><div ><a class=\"fusion-button button-flat fusion-button-default-size button-custom fusion-button-default button-1 fusion-button-default-span fusion-button-default-type slide_btn\" style=\"--button_accent_color:var(--awb-color5);--button_accent_hover_color:var(--awb-color1);--button_border_hover_color:#ffffff;--button_gradient_top_color:rgba(198,165,106,0);--button_gradient_bottom_color:rgba(198,165,106,0);--button_gradient_top_color_hover:rgba(0,0,0,0);--button_gradient_bottom_color_hover:rgba(0,0,0,0);\" target=\"_self\" href=\"https:\/\/kongsen.media\/no\/contact\/\"><span class=\"fusion-button-text\">Kontakt oss<\/span><i class=\"fa-arrow-right fas button-icon-right\" aria-hidden=\"true\"><\/i><\/a><\/div><\/div><\/div><\/div><\/div>\n<div class=\"fusion-fullwidth fullwidth-box fusion-builder-row-3 fusion-flex-container has-pattern-background has-mask-background nonhundred-percent-fullwidth non-hundred-percent-height-scrolling\" style=\"--awb-border-radius-top-left:0px;--awb-border-radius-top-right:0px;--awb-border-radius-bottom-right:0px;--awb-border-radius-bottom-left:0px;--awb-padding-top:100px;--awb-padding-bottom:100px;--awb-padding-top-small:80px;--awb-padding-bottom-small:80px;--awb-background-color:#f7f7f7;--awb-flex-wrap:wrap;\" ><div class=\"fusion-builder-row fusion-row fusion-flex-align-items-center fusion-flex-content-wrap\" style=\"max-width:1352px;margin-left: calc(-4% \/ 2 );margin-right: calc(-4% \/ 2 );\"><div class=\"fusion-layout-column fusion_builder_column fusion-builder-column-4 fusion_builder_column_1_2 1_2 fusion-flex-column\" style=\"--awb-bg-size:cover;--awb-width-large:50%;--awb-margin-top-large:0px;--awb-spacing-right-large:3.84%;--awb-margin-bottom-large:0px;--awb-spacing-left-large:3.84%;--awb-width-medium:50%;--awb-order-medium:0;--awb-spacing-right-medium:3.84%;--awb-spacing-left-medium:3.84%;--awb-width-small:100%;--awb-order-small:0;--awb-spacing-right-small:1.92%;--awb-spacing-left-small:1.92%;\" data-scroll-devices=\"small-visibility,medium-visibility,large-visibility\"><div class=\"fusion-column-wrapper fusion-column-has-shadow fusion-flex-justify-content-flex-start fusion-content-layout-column\"><div class=\"fusion-title title fusion-title-3 fusion-sep-none fusion-title-text fusion-title-size-two\"><h2 class=\"fusion-title-heading title-heading-left fusion-responsive-typography-calculated\" style=\"margin:0;--fontSize:48;line-height:var(--awb-typography1-line-height);\">Har du sp\u00f8rsm\u00e5l? Vi har svar!<\/h2><\/div><div class=\"fusion-text fusion-text-3\"><p>Raske svar p\u00e5 vanlige sp\u00f8rsm\u00e5l om produksjonsprosessen. Disse sp\u00f8rsm\u00e5lene dekker alt fra stadiene av \u00e5 lage en video eller film<\/p>\n<\/div><div class=\"accordian fusion-accordian\" style=\"--awb-border-size:0px;--awb-icon-size:16px;--awb-content-font-size:var(--awb-typography4-font-size);--awb-icon-alignment:right;--awb-hover-color:var(--awb-color1);--awb-border-color:#e2e2e2;--awb-background-color:#ffffff;--awb-divider-color:#e2e2e2;--awb-divider-hover-color:#e2e2e2;--awb-icon-color:var(--awb-color5);--awb-content-color:var(--awb-color8);--awb-icon-box-color:#212934;--awb-toggle-hover-accent-color:var(--awb-color5);--awb-title-font-family:&quot;Saira&quot;;--awb-title-font-weight:700;--awb-title-font-style:normal;--awb-title-font-size:20px;--awb-title-letter-spacing:0px;--awb-title-line-height:30px;--awb-content-font-family:var(--awb-typography4-font-family);--awb-content-font-weight:var(--awb-typography4-font-weight);--awb-content-font-style:var(--awb-typography4-font-style);\"><div class=\"panel-group fusion-toggle-icon-right fusion-toggle-icon-unboxed\" id=\"accordion-426-1\"><div class=\"fusion-panel panel-default panel-32edaf7496663d787 fusion-toggle-no-divider fusion-toggle-boxed-mode\"><div class=\"panel-heading\"><h4 class=\"panel-title toggle\" id=\"toggle_32edaf7496663d787\"><a class=\"active\" aria-expanded=\"true\" aria-controls=\"32edaf7496663d787\" role=\"button\" data-toggle=\"collapse\" data-parent=\"#accordion-426-1\" data-target=\"#32edaf7496663d787\" href=\"#32edaf7496663d787\"><span class=\"fusion-toggle-icon-wrapper\" aria-hidden=\"true\"><i class=\"fa-fusion-box active-icon fa-angle-up fas\" aria-hidden=\"true\"><\/i><i class=\"fa-fusion-box inactive-icon fa-angle-down fas\" aria-hidden=\"true\"><\/i><\/span><span class=\"fusion-toggle-heading\">Hvor lang tid tar produksjonsprosessen?<\/span><\/a><\/h4><\/div><div id=\"32edaf7496663d787\" class=\"panel-collapse collapse in\" aria-labelledby=\"toggle_32edaf7496663d787\"><div class=\"panel-body toggle-content fusion-clearfix\">Langt langt borte, bak ordet fjell, langt fra landene Vokalia og Consonantia, bor blindtekstene. Atskilt bor de i Bookmarksgrove rett ved kysten<\/div><\/div><\/div><div class=\"fusion-panel panel-default panel-ca995d6e2894e1e59 fusion-toggle-no-divider fusion-toggle-boxed-mode\"><div class=\"panel-heading\"><h4 class=\"panel-title toggle\" id=\"toggle_ca995d6e2894e1e59\"><a aria-expanded=\"false\" aria-controls=\"ca995d6e2894e1e59\" role=\"button\" data-toggle=\"collapse\" data-parent=\"#accordion-426-1\" data-target=\"#ca995d6e2894e1e59\" href=\"#ca995d6e2894e1e59\"><span class=\"fusion-toggle-icon-wrapper\" aria-hidden=\"true\"><i class=\"fa-fusion-box active-icon fa-angle-up fas\" aria-hidden=\"true\"><\/i><i class=\"fa-fusion-box inactive-icon fa-angle-down fas\" aria-hidden=\"true\"><\/i><\/span><span class=\"fusion-toggle-heading\">Tilbyr du pakketilbud eller tilpassede priser?<\/span><\/a><\/h4><\/div><div id=\"ca995d6e2894e1e59\" class=\"panel-collapse collapse \" aria-labelledby=\"toggle_ca995d6e2894e1e59\"><div class=\"panel-body toggle-content fusion-clearfix\">Langt langt borte, bak ordet fjell, langt fra landene Vokalia og Consonantia, bor blindtekstene. Atskilt bor de i Bookmarksgrove rett ved kysten<\/div><\/div><\/div><div class=\"fusion-panel panel-default panel-7f3cd92981ece9ba0 fusion-toggle-no-divider fusion-toggle-boxed-mode\"><div class=\"panel-heading\"><h4 class=\"panel-title toggle\" id=\"toggle_7f3cd92981ece9ba0\"><a aria-expanded=\"false\" aria-controls=\"7f3cd92981ece9ba0\" role=\"button\" data-toggle=\"collapse\" data-parent=\"#accordion-426-1\" data-target=\"#7f3cd92981ece9ba0\" href=\"#7f3cd92981ece9ba0\"><span class=\"fusion-toggle-icon-wrapper\" aria-hidden=\"true\"><i class=\"fa-fusion-box active-icon fa-angle-up fas\" aria-hidden=\"true\"><\/i><i class=\"fa-fusion-box inactive-icon fa-angle-down fas\" aria-hidden=\"true\"><\/i><\/span><span class=\"fusion-toggle-heading\">Kan du h\u00e5ndtere kommersielle og salgsfremmende videoprosjekter?<\/span><\/a><\/h4><\/div><div id=\"7f3cd92981ece9ba0\" class=\"panel-collapse collapse \" aria-labelledby=\"toggle_7f3cd92981ece9ba0\"><div class=\"panel-body toggle-content fusion-clearfix\">\n<p>Langt langt borte, bak ordet fjell, langt fra landene Vokalia og Consonantia, bor blindtekstene. Atskilt bor de i Bookmarksgrove rett ved kysten<\/p>\n<\/div><\/div><\/div><div class=\"fusion-panel panel-default panel-057252efa1531e5f6 fusion-toggle-no-divider fusion-toggle-boxed-mode\"><div class=\"panel-heading\"><h4 class=\"panel-title toggle\" id=\"toggle_057252efa1531e5f6\"><a aria-expanded=\"false\" aria-controls=\"057252efa1531e5f6\" role=\"button\" data-toggle=\"collapse\" data-parent=\"#accordion-426-1\" data-target=\"#057252efa1531e5f6\" href=\"#057252efa1531e5f6\"><span class=\"fusion-toggle-icon-wrapper\" aria-hidden=\"true\"><i class=\"fa-fusion-box active-icon fa-angle-up fas\" aria-hidden=\"true\"><\/i><i class=\"fa-fusion-box inactive-icon fa-angle-down fas\" aria-hidden=\"true\"><\/i><\/span><span class=\"fusion-toggle-heading\">Hva er din policy for revisjoner og endringer?<\/span><\/a><\/h4><\/div><div id=\"057252efa1531e5f6\" class=\"panel-collapse collapse \" aria-labelledby=\"toggle_057252efa1531e5f6\"><div class=\"panel-body toggle-content fusion-clearfix\">Langt langt borte, bak ordet fjell, langt fra landene Vokalia og Consonantia, bor blindtekstene. Atskilt bor de i Bookmarksgrove rett ved kysten<\/div><\/div><\/div><\/div><\/div><\/div><\/div><div class=\"fusion-layout-column fusion_builder_column fusion-builder-column-5 fusion_builder_column_1_2 1_2 fusion-flex-column\" style=\"--awb-bg-size:cover;--awb-width-large:50%;--awb-margin-top-large:0px;--awb-spacing-right-large:3.84%;--awb-margin-bottom-large:0px;--awb-spacing-left-large:3.84%;--awb-width-medium:50%;--awb-order-medium:0;--awb-spacing-right-medium:3.84%;--awb-spacing-left-medium:3.84%;--awb-width-small:100%;--awb-order-small:0;--awb-spacing-right-small:1.92%;--awb-spacing-left-small:1.92%;\" data-scroll-devices=\"small-visibility,medium-visibility,large-visibility\"><div class=\"fusion-column-wrapper fusion-column-has-shadow fusion-flex-justify-content-flex-start fusion-content-layout-column\"><div class=\"fusion-image-element \" style=\"text-align:right;--awb-caption-title-font-family:var(--h2_typography-font-family);--awb-caption-title-font-weight:var(--h2_typography-font-weight);--awb-caption-title-font-style:var(--h2_typography-font-style);--awb-caption-title-size:var(--h2_typography-font-size);--awb-caption-title-transform:var(--h2_typography-text-transform);--awb-caption-title-line-height:var(--h2_typography-line-height);--awb-caption-title-letter-spacing:var(--h2_typography-letter-spacing);\"><span class=\" fusion-imageframe imageframe-none imageframe-2 hover-type-none\" style=\"border-radius:10px;\"><img decoding=\"async\" width=\"360\" height=\"440\" title=\"kongsenmedia\" src=\"https:\/\/kongsen.media\/wp-content\/uploads\/2025\/03\/kongsenmedia-008-e1741172989127.png\" alt class=\"img-responsive wp-image-387\" srcset=\"https:\/\/kongsen.media\/wp-content\/uploads\/2025\/03\/kongsenmedia-008-e1741172989127-200x244.png 200w, https:\/\/kongsen.media\/wp-content\/uploads\/2025\/03\/kongsenmedia-008-e1741172989127.png 360w\" sizes=\"(max-width: 640px) 100vw, 360px\" \/><\/span><\/div><div class=\"fusion-image-element \" style=\"--awb-margin-top:-228px;--awb-margin-top-small:20px;--awb-caption-title-font-family:var(--h2_typography-font-family);--awb-caption-title-font-weight:var(--h2_typography-font-weight);--awb-caption-title-font-style:var(--h2_typography-font-style);--awb-caption-title-size:var(--h2_typography-font-size);--awb-caption-title-transform:var(--h2_typography-text-transform);--awb-caption-title-line-height:var(--h2_typography-line-height);--awb-caption-title-letter-spacing:var(--h2_typography-letter-spacing);\"><span class=\" fusion-imageframe imageframe-none imageframe-3 hover-type-none\" style=\"border-radius:10px;\"><img decoding=\"async\" width=\"520\" height=\"560\" title=\"kongsenmedia\" src=\"https:\/\/kongsen.media\/wp-content\/uploads\/2025\/03\/kongsenmedia-007-e1741173032108.png\" alt class=\"img-responsive wp-image-388\" srcset=\"https:\/\/kongsen.media\/wp-content\/uploads\/2025\/03\/kongsenmedia-007-e1741173032108-200x215.png 200w, https:\/\/kongsen.media\/wp-content\/uploads\/2025\/03\/kongsenmedia-007-e1741173032108-400x431.png 400w, https:\/\/kongsen.media\/wp-content\/uploads\/2025\/03\/kongsenmedia-007-e1741173032108.png 520w\" sizes=\"(max-width: 640px) 100vw, 520px\" \/><\/span><\/div><\/div><\/div><\/div><\/div><\/p>\n","protected":false},"excerpt":{"rendered":"","protected":false},"author":2,"featured_media":0,"parent":0,"menu_order":0,"comment_status":"closed","ping_status":"closed","template":"100-width.php","meta":{"_acf_changed":false,"inline_featured_image":false,"footnotes":""},"class_list":["post-426","page","type-page","status-publish","hentry"],"acf":[],"_links":{"self":[{"href":"https:\/\/kongsen.media\/no\/wp-json\/wp\/v2\/pages\/426","targetHints":{"allow":["GET"]}}],"collection":[{"href":"https:\/\/kongsen.media\/no\/wp-json\/wp\/v2\/pages"}],"about":[{"href":"https:\/\/kongsen.media\/no\/wp-json\/wp\/v2\/types\/page"}],"author":[{"embeddable":true,"href":"https:\/\/kongsen.media\/no\/wp-json\/wp\/v2\/users\/2"}],"replies":[{"embeddable":true,"href":"https:\/\/kongsen.media\/no\/wp-json\/wp\/v2\/comments?post=426"}],"version-history":[{"count":10,"href":"https:\/\/kongsen.media\/no\/wp-json\/wp\/v2\/pages\/426\/revisions"}],"predecessor-version":[{"id":537,"href":"https:\/\/kongsen.media\/no\/wp-json\/wp\/v2\/pages\/426\/revisions\/537"}],"wp:attachment":[{"href":"https:\/\/kongsen.media\/no\/wp-json\/wp\/v2\/media?parent=426"}],"curies":[{"name":"wp","href":"https:\/\/api.w.org\/{rel}","templated":true}]}}